{"id":35033,"date":"2016-05-19T12:24:04","date_gmt":"2016-05-19T09:24:04","guid":{"rendered":"https:\/\/turanturan.com.tr\/contact-us\/"},"modified":"2025-09-02T16:06:36","modified_gmt":"2025-09-02T13:06:36","slug":"contact-us","status":"publish","type":"page","link":"https:\/\/turanturan.com.tr\/en\/contact-us\/","title":{"rendered":"Contact Us"},"content":{"rendered":"\n<div class=\"gb-element-7a1cf555\">\n<div class=\"gb-element-c7af51cb\">\n<h1 class=\"gb-text gb-text-1fdb6ae3\">Contact Us<\/h1>\n<\/div>\n<\/div>\n\n\n\n<div class=\"gb-element-7c1e0587\">\n<div class=\"gb-element-dedfc03e\">\n<div class=\"gb-element-4f2a18ef\">\n<div class=\"gb-element-fb861864\">\n<div class=\"gb-element-29dbcb01\">\n<div class=\"gb-element-1f9d56a2\">\n<img decoding=\"async\" class=\"gb-media-0f00d321\" alt=\"\" src=\"\/\/turanturan.com.tr\/wp-content\/uploads\/Second-Opinion.png\"\/>\n\n\n\n<div>\n<p class=\"gb-text gb-text-cbd98820\">Second Opinion<\/p>\n\n\n\n<p class=\"gb-text gb-text-3ee023f8\"><a href=\"https:\/\/turanturan.com.tr\/en\/second-opinion\/\">Share the X-ray or MRI Result<\/a><\/p>\n<\/div>\n<\/div>\n<\/div>\n\n\n\n<a class=\"gb-element-03b50db4\" href=\"https:\/\/turanturan.com.tr\/en\/online-consultation\/\" target=\"_blank\" rel=\"noopener\">\n<div class=\"gb-element-e6da8e34\">\n<img decoding=\"async\" width=\"64\" height=\"64\" class=\"gb-media-e0ae6306\" alt=\"\" src=\"https:\/\/turanturan.com.tr\/wp-content\/uploads\/Online-Consultation-icon.png\" title=\"Online Consultation icon\"\/>\n\n\n\n<div>\n<p class=\"gb-text gb-text-bc5c7153\">Online Consultation<\/p>\n<\/div>\n<\/div>\n<\/a>\n\n\n\n<div class=\"gb-element-d456e83b\">\n<div class=\"gb-element-a41fa92b\">\n<span class=\"gb-shape gb-shape-f685515b\"><svg xmlns=\"http:\/\/www.w3.org\/2000\/svg\" viewBox=\"0 0 512 512\" width=\"1em\" height=\"1em\" aria-hidden=\"true\"><path d=\"M493.4 24.6l-104-24c-11.3-2.6-22.9 3.3-27.5 13.9l-48 112c-4.2 9.8-1.4 21.3 6.9 28l60.6 49.6c-36 76.7-98.9 140.5-177.2 177.2l-49.6-60.6c-6.8-8.3-18.2-11.1-28-6.9l-112 48C3.9 366.5-2 378.1.6 389.4l24 104C27.1 504.2 36.7 512 48 512c256.1 0 464-207.5 464-464 0-11.2-7.7-20.9-18.6-23.4z\" fill=\"currentColor\"><\/path><\/svg><\/span>\n\n\n\n<div>\n<p class=\"gb-text gb-text-87546dee\">Call Center<\/p>\n\n\n\n<a class=\"gb-text gb-text-14bd91e8\" href=\"tel:02242220777\" target=\"_blank\" rel=\"noopener\">0224 222 07 77<\/a>\n\n\n\n<a class=\"gb-text gb-text-11d4c7d7\" href=\"https:\/\/web.whatsapp.com\/send?phone=905324997744\" target=\"_blank\" rel=\"noopener\">Whatsapp Communication<\/a>\n<\/div>\n<\/div>\n<\/div>\n\n\n\n<div class=\"gb-element-b70acfd5\">\n<div class=\"gb-element-8fdb331e\">\n<span class=\"gb-shape gb-shape-355cb02d\"><svg xmlns=\"http:\/\/www.w3.org\/2000\/svg\" viewBox=\"0 0 448 512\" width=\"1em\" height=\"1em\" aria-hidden=\"true\"><path d=\"M148 288h-40c-6.6 0-12-5.4-12-12v-40c0-6.6 5.4-12 12-12h40c6.6 0 12 5.4 12 12v40c0 6.6-5.4 12-12 12zm108-12v-40c0-6.6-5.4-12-12-12h-40c-6.6 0-12 5.4-12 12v40c0 6.6 5.4 12 12 12h40c6.6 0 12-5.4 12-12zm96 0v-40c0-6.6-5.4-12-12-12h-40c-6.6 0-12 5.4-12 12v40c0 6.6 5.4 12 12 12h40c6.6 0 12-5.4 12-12zm-96 96v-40c0-6.6-5.4-12-12-12h-40c-6.6 0-12 5.4-12 12v40c0 6.6 5.4 12 12 12h40c6.6 0 12-5.4 12-12zm-96 0v-40c0-6.6-5.4-12-12-12h-40c-6.6 0-12 5.4-12 12v40c0 6.6 5.4 12 12 12h40c6.6 0 12-5.4 12-12zm192 0v-40c0-6.6-5.4-12-12-12h-40c-6.6 0-12 5.4-12 12v40c0 6.6 5.4 12 12 12h40c6.6 0 12-5.4 12-12zm96-260v352c0 26.5-21.5 48-48 48H48c-26.5 0-48-21.5-48-48V112c0-26.5 21.5-48 48-48h48V12c0-6.6 5.4-12 12-12h40c6.6 0 12 5.4 12 12v52h128V12c0-6.6 5.4-12 12-12h40c6.6 0 12 5.4 12 12v52h48c26.5 0 48 21.5 48 48zm-48 346V160H48v298c0 3.3 2.7 6 6 6h340c3.3 0 6-2.7 6-6z\" fill=\"currentColor\"><\/path><\/svg><\/span>\n\n\n\n<div>\n<p class=\"gb-text gb-text-a2e0ffac\">Online Appointment<\/p>\n\n\n\n<a class=\"gb-text gb-text-cf7e740c\" href=\"https:\/\/randevu.turanturan.com.tr\/\" target=\"_blank\" rel=\"noopener\">Click for an appointment<\/a>\n<\/div>\n<\/div>\n<\/div>\n\n\n\n<div class=\"gb-element-5f92d2ae\">\n<div class=\"gb-element-e76ef102\">\n<span class=\"gb-shape gb-shape-2a143c96\"><svg xmlns=\"http:\/\/www.w3.org\/2000\/svg\" viewBox=\"0 0 512 512\" width=\"1em\" height=\"1em\" aria-hidden=\"true\"><path d=\"M464 64H48C21.49 64 0 85.49 0 112v288c0 26.51 21.49 48 48 48h416c26.51 0 48-21.49 48-48V112c0-26.51-21.49-48-48-48zm0 48v40.805c-22.422 18.259-58.168 46.651-134.587 106.49-16.841 13.247-50.201 45.072-73.413 44.701-23.208.375-56.579-31.459-73.413-44.701C106.18 199.465 70.425 171.067 48 152.805V112h416zM48 400V214.398c22.914 18.251 55.409 43.862 104.938 82.646 21.857 17.205 60.134 55.186 103.062 54.955 42.717.231 80.509-37.199 103.053-54.947 49.528-38.783 82.032-64.401 104.947-82.653V400H48z\" fill=\"currentColor\"><\/path><\/svg><\/span>\n\n\n\n<div>\n<p class=\"gb-text gb-text-ac7974b6\">E-mail<\/p>\n\n\n\n<a class=\"gb-text gb-text-c7036217\" href=\"mailto:hastahizmetleri@turanturan.com.tr\" target=\"_blank\" rel=\"noopener\">Contact<\/a>\n\n\n\n<a class=\"gb-text gb-text-35d02f3f\" href=\"mailto:ik@turanturan.com.tr\" target=\"_blank\" rel=\"noopener\">Career<\/a>\n<\/div>\n<\/div>\n<\/div>\n<\/div>\n\n\n\n<div class=\"gb-element-b78257f8\">\n<p class=\"gb-text gb-text-fe8a2a52\">Contact Form<\/p>\n\n\n\n<p class=\"gb-text gb-text-0288d7f8\">For us to assist you better,<br>please fill out the contact form below.<br><a href=\"https:\/\/turanturanhealthgroup.wetransfer.com\/\" target=\"_blank\" rel=\"noreferrer noopener\">You can send your medical files via WeTransfer<\/a><\/p>\n\n\n\n<p class=\"gb-text gb-text-0a106636\"><\/p>\n\n\n<style>\r\n\/* GENEL: kutu modeli *\/\r\n.tt-contact-form, .wpcf7 form {\r\n  box-sizing: border-box;\r\n}\r\n.tt-contact-form *, .wpcf7 form * {\r\n  box-sizing: inherit;\r\n}\r\n\r\n\/* CF7 sarmalay\u0131c\u0131 spacing *\/\r\n.tt-contact-form .wpcf7-form-control-wrap {\r\n  display: block;\r\n  margin-bottom: 18px;\r\n}\r\n\r\n\/* Girdi alanlar\u0131 \u2013 temadaki dar geni\u015fli\u011fi ez *\/\r\n.tt-contact-form input.wpcf7-text,\r\n.tt-contact-form input.wpcf7-tel,\r\n.tt-contact-form input.wpcf7-email,\r\n.tt-contact-form textarea.wpcf7-textarea {\r\n  width: 100% !important;\r\n  max-width: 100% !important;\r\n  display: block;\r\n  background: #f5f5f5;\r\n  border: 0;\r\n  border-radius: 12px;\r\n  padding: 18px 18px;\r\n  font-size: 16px;\r\n  line-height: 1.4;\r\n  outline: none;\r\n  box-shadow: none;\r\n}\r\n\r\n\/* Textarea y\u00fcksekli\u011fi *\/\r\n.tt-contact-form textarea.wpcf7-textarea {\r\n  min-height: 220px;\r\n  resize: vertical;\r\n}\r\n\r\n\/* Placeholder tonu (iste\u011fe ba\u011fl\u0131) *\/\r\n.tt-contact-form ::placeholder {\r\n  color: #9aa0a6;\r\n}\r\n\r\n\/* Focus durumu *\/\r\n.tt-contact-form input.wpcf7-text:focus,\r\n.tt-contact-form input.wpcf7-tel:focus,\r\n.tt-contact-form input.wpcf7-email:focus,\r\n.tt-contact-form textarea.wpcf7-textarea:focus {\r\n  box-shadow: inset 0 0 0 2px #e8e8e8;\r\n}\r\n\r\n\/* reCAPTCHA blo\u011fu (v2 i\u00e7in) *\/\r\n.tt-contact-form .g-recaptcha {\r\n  margin: 8px 0 22px;\r\n}\r\n\r\n\/* G\u00f6nder butonu \u2013 tam geni\u015flik *\/\r\n.tt-contact-form .tt-submit {\r\n  width: 100%;\r\n  background: #fbfbfb;\r\n  border: 1px solid rgb(0,0,0,0.1);\r\n\tbox-shadow: 0 1px 2px 0 rgb(0 0 0 \/ 5%);\r\n  border-radius: 12px;\r\n  padding: 16px 18px;\r\n  font-weight: 700;\r\n  letter-spacing: .12em;\r\n  text-transform: uppercase;\r\n  cursor: pointer;\r\n\tcolor: #000000;\r\n}\r\n.tt-contact-form .tt-submit:hover {\r\n  border-color: rgb(0,0,0,0.1);\r\n  background: #f5f5f5;\r\n  color: #000000;\r\n}\r\n\r\n\/* CF7 cevap kutular\u0131 (iste\u011fe ba\u011fl\u0131) *\/\r\n.wpcf7 form .wpcf7-response-output {\r\n  border-radius: 10px;\r\n}\r\n<\/style>\r\n<div class=\"tt-contact-form\">\r\n\n<div class=\"wpcf7 no-js\" id=\"wpcf7-f53843-o1\" lang=\"tr-TR\" dir=\"ltr\" data-wpcf7-id=\"53843\">\n<div class=\"screen-reader-response\"><p role=\"status\" aria-live=\"polite\" aria-atomic=\"true\"><\/p> <ul><\/ul><\/div>\n<form action=\"\/en\/wp-json\/wp\/v2\/pages\/35033#wpcf7-f53843-o1\" method=\"post\" class=\"wpcf7-form init\" aria-label=\"\u0130leti\u015fim Formu\" novalidate=\"novalidate\" data-status=\"init\">\n<fieldset class=\"hidden-fields-container\"><input type=\"hidden\" name=\"_wpcf7\" value=\"53843\" \/><input type=\"hidden\" name=\"_wpcf7_version\" value=\"6.1.4\" \/><input type=\"hidden\" name=\"_wpcf7_locale\" value=\"tr_TR\" \/><input type=\"hidden\" name=\"_wpcf7_unit_tag\" value=\"wpcf7-f53843-o1\" \/><input type=\"hidden\" name=\"_wpcf7_container_post\" value=\"0\" \/><input type=\"hidden\" name=\"_wpcf7_posted_data_hash\" value=\"\" \/><input type=\"hidden\" name=\"_wpcf7_recaptcha_response\" value=\"\" \/>\n<\/fieldset>\n<input class=\"wpcf7-form-control wpcf7-hidden\" value=\"0jbJRoRK6rwG67dibD8SClNGrT6o3yGq4UaJmd7uDCKLBaRINM\" type=\"hidden\" name=\"token\" \/>\n<input class=\"wpcf7-form-control wpcf7-hidden\" value=\"add\" type=\"hidden\" name=\"method\" \/>\n<input class=\"wpcf7-form-control wpcf7-hidden\" value=\"tt-iletisim\" type=\"hidden\" name=\"page_title\" \/>\n<input class=\"wpcf7-form-control wpcf7-hidden\" id=\"page_url\" value=\"\" type=\"hidden\" name=\"page_url\" \/>\n<input class=\"wpcf7-form-control wpcf7-hidden\" id=\"referrer\" value=\"\" type=\"hidden\" name=\"referrer\" \/>\n<input class=\"wpcf7-form-control wpcf7-hidden\" value=\"4\" type=\"hidden\" name=\"source_id\" \/>\n<p><span class=\"wpcf7-form-control-wrap\" data-name=\"full_name\"><input size=\"40\" maxlength=\"400\" class=\"wpcf7-form-control wpcf7-text wpcf7-validates-as-required\" id=\"tt-name\" aria-required=\"true\" aria-invalid=\"false\" placeholder=\"First and Last Name*\" value=\"\" type=\"text\" name=\"full_name\" \/><\/span><br \/>\n<span class=\"wpcf7-form-control-wrap\" data-name=\"phone\"><input size=\"40\" maxlength=\"400\" class=\"wpcf7-form-control wpcf7-tel wpcf7-validates-as-required wpcf7-text wpcf7-validates-as-tel\" id=\"tt-tel\" aria-required=\"true\" aria-invalid=\"false\" placeholder=\"Phone*\" value=\"\" type=\"tel\" name=\"phone\" \/><\/span><br \/>\n<span class=\"wpcf7-form-control-wrap\" data-name=\"email\"><input size=\"40\" maxlength=\"400\" class=\"wpcf7-form-control wpcf7-email wpcf7-validates-as-required wpcf7-text wpcf7-validates-as-email\" id=\"tt-mail\" aria-required=\"true\" aria-invalid=\"false\" placeholder=\"E-Mail*\" value=\"\" type=\"email\" name=\"email\" \/><\/span><br \/>\n<span class=\"wpcf7-form-control-wrap\" data-name=\"message\"><textarea cols=\"40\" rows=\"10\" maxlength=\"2000\" class=\"wpcf7-form-control wpcf7-textarea wpcf7-validates-as-required\" id=\"tt-msg\" aria-required=\"true\" aria-invalid=\"false\" placeholder=\"Your Message*\" name=\"message\"><\/textarea><\/span><br \/>\n<span class=\"wpcf7-form-control-wrap recaptcha\" data-name=\"recaptcha\"><span data-sitekey=\"6Lcz7o4iAAAAAIm7fLJ41riCZ3wdJ_hWhnGB_v58\" class=\"wpcf7-form-control wpcf7-recaptcha g-recaptcha\"><\/span>\r\n<noscript>\r\n\t<div class=\"grecaptcha-noscript\">\r\n\t\t<iframe src=\"https:\/\/www.google.com\/recaptcha\/api\/fallback?k=6Lcz7o4iAAAAAIm7fLJ41riCZ3wdJ_hWhnGB_v58\" frameborder=\"0\" scrolling=\"no\" width=\"310\" height=\"430\">\r\n\t\t<\/iframe>\r\n\t\t<textarea name=\"g-recaptcha-response\" rows=\"3\" cols=\"40\" placeholder=\"reCaptcha Response Here\">\r\n\t\t<\/textarea>\r\n\t<\/div>\r\n<\/noscript>\r\n<\/span><br \/>\n<input class=\"wpcf7-form-control wpcf7-submit has-spinner tt-submit\" type=\"submit\" value=\"Send Message\" \/>\n<\/p><p style=\"display: none !important;\" class=\"akismet-fields-container\" data-prefix=\"_wpcf7_ak_\"><label>&#916;<textarea name=\"_wpcf7_ak_hp_textarea\" cols=\"45\" rows=\"8\" maxlength=\"100\"><\/textarea><\/label><input type=\"hidden\" id=\"ak_js_1\" name=\"_wpcf7_ak_js\" value=\"131\"\/><script>document.getElementById( \"ak_js_1\" ).setAttribute( \"value\", ( new Date() ).getTime() );<\/script><\/p><input type='hidden' class='wpcf7-pum' value='{\"closepopup\":false,\"closedelay\":0,\"openpopup\":false,\"openpopup_id\":0}' \/><div class=\"wpcf7-response-output\" aria-hidden=\"true\"><\/div>\n<\/form>\n<\/div>\n<\/div>\r\n<script>\r\n(function () {\r\n\tfunction fillDynamicFields(formEl) {\r\n\t\tconst currentURL = window.location.href;\r\n\t\tconst path = new URL(currentURL).pathname;\r\n\t\tconsole.log(currentURL);\r\n\t\tconsole.log(path);\r\n\t\t\/\/ Hidden fields\r\n\t\tconst pageUrl = formEl.querySelector('input[name=\"page_url\"]');\r\n\t\tif (pageUrl) pageUrl.value = currentURL;\r\n\r\n\t\tconst ref = formEl.querySelector('input[name=\"referrer\"]');\r\n\t\tif (ref) ref.value = document.referrer || '';\r\n\t  }\r\n\r\n\t  document.addEventListener(\"DOMContentLoaded\", function () {\r\n\t\tdocument.querySelectorAll(\".tt-contact-form .wpcf7 form\").forEach(fillDynamicFields);\r\n\t  });\r\n})();\r\n<\/script>\n<\/div>\n<\/div>\n<\/div>\n<\/div>\n\n\n\n<div class=\"gb-element-bfe0f04d\">\n<div class=\"gb-element-537f7ed2\">\n<div class=\"gb-element-bc5a0140\">\n<div><\/div>\n\n\n\n<div class=\"gb-element-5da2fa5e\">\n<p class=\"gb-text gb-text-731a86fa\">Address<\/p>\n\n\n\n<p class=\"gb-text gb-text-f7b46090\"><strong><a href=\"https:\/\/goo.gl\/maps\/riYxL4WJRBCBBM1P8\" target=\"_blank\" rel=\"noreferrer noopener\">Turan Turan Health Group:<\/a><\/strong><\/p>\n\n\n\n<p class=\"gb-text gb-text-6e6e0787\">Ulu Mahalle, Ulubatl\u0131 Hasan Blv. No:48 D:62 Osmangazi\/Bursa<\/p>\n\n\n\n<p class=\"gb-text gb-text-65c82e7c\"><strong><strong><a href=\"https:\/\/goo.gl\/maps\/HSB9uPatTNR7kosw9\" target=\"_blank\" rel=\"noreferrer noopener\">Y\u0131ld\u0131r\u0131m- Turan Turan:<\/a><\/strong><\/strong><\/p>\n\n\n\n<p class=\"gb-text gb-text-ece37972\">\u015eirinevler, Ankara Yolu Cd No: 795 Y\u0131ld\u0131r\u0131m\/Bursa<\/p>\n<\/div>\n<\/div>\n<\/div>\n<\/div>\n\n\n\n<div class=\"gb-element-bc55e54b\">\n<div class=\"gb-accordion\"><\/div>\n\n\n\n<div class=\"gb-tabs\" data-opened-tab=\"1\">\n<div class=\"gb-tabs__menu gb-tabs__menu-e79e3e1e\" role=\"tablist\">\n<div tabindex=\"0\" class=\"gb-tabs__menu-item gb-tabs__menu-item-fc352128\" role=\"tab\" id=\"gb-tab-menu-item-fc352128\">\n<span class=\"gb-text gb-text-4c9e237f\"><strong>YILDIRIM &#8211; KEM\u0130K KAS EKLEM SA\u011eLI\u011eI MERKEZ\u0130<\/strong><\/span>\n<\/div>\n<\/div>\n\n\n\n<div class=\"gb-tabs__items gb-tabs__items-810fddba\">\n<div class=\"gb-tabs__item gb-tabs__item-15379339 gb-tabs__item-open\" role=\"tabpanel\" id=\"gb-tab-item-15379339\">\n<iframe loading=\"lazy\" style=\"border:0;\" src=\"https:\/\/www.google.com\/maps\/embed?pb=!1m18!1m12!1m3!1d3047.5646287683758!2d29.058707484547988!3d40.19650149548109!2m3!1f0!2f0!3f0!3m2!1i1024!2i768!4f13.1!3m3!1m2!1s0x14ca3faae1b88627%3A0xf23cf14f627ca164!2sTuran%20Turan%20Sa%C4%9Fl%C4%B1k%20Grubu%20(Turan%20Turan%20Health%20Group)!5e0!3m2!1str!2str!4v1696834021901!5m2!1str!2str\" width=\"100%\" height=\"500px\" allowfullscreen=\"allowfullscreen\" ><\/iframe>\n<\/div>\n\n\n\n<div class=\"gb-tabs__item gb-tabs__item-1f74e279\" role=\"tabpanel\" id=\"gb-tab-item-1f74e279\">\n<iframe loading=\"lazy\" style=\"border:0;\" src=\"https:\/\/www.google.com\/maps\/embed?pb=!1m18!1m12!1m3!1d3047.48809847043!2d29.17031951564405!3d40.19820427682422!2m3!1f0!2f0!3f0!3m2!1i1024!2i768!4f13.1!3m3!1m2!1s0x14ca15fc8d760e09%3A0x8dd76dec6e49ca44!2sTuran%20Turan%20Kemik%20Kas%20Eklem%20Sa%C4%9Fl%C4%B1%C4%9F%C4%B1%20Merkezi!5e0!3m2!1str!2str!4v1654000667410!5m2!1str!2str\" width=\"100%\" height=\"500px\" allowfullscreen=\"allowfullscreen\"><\/iframe>\n<\/div>\n<\/div>\n<\/div>\n<\/div>\n","protected":false},"excerpt":{"rendered":"<p>Contact Us Second Opinion Share the X-ray or MRI Result Online Consultation Call Center 0224 222 07 77 Whatsapp Communication Online Appointment Click for an appointment E-mail Contact Career Contact Form For us to assist you better,please fill out the contact form below.You can send your medical files via WeTransfer Address Turan Turan Health Group: &#8230; <a title=\"Contact Us\" class=\"read-more\" href=\"https:\/\/turanturan.com.tr\/en\/contact-us\/\" aria-label=\"Read more about Contact Us\">Read more<\/a><\/p>\n","protected":false},"author":2,"featured_media":0,"parent":0,"menu_order":2,"comment_status":"closed","ping_status":"closed","template":"","meta":{"footnotes":""},"class_list":["post-35033","page","type-page","status-publish"],"_links":{"self":[{"href":"https:\/\/turanturan.com.tr\/en\/wp-json\/wp\/v2\/pages\/35033","targetHints":{"allow":["GET"]}}],"collection":[{"href":"https:\/\/turanturan.com.tr\/en\/wp-json\/wp\/v2\/pages"}],"about":[{"href":"https:\/\/turanturan.com.tr\/en\/wp-json\/wp\/v2\/types\/page"}],"author":[{"embeddable":true,"href":"https:\/\/turanturan.com.tr\/en\/wp-json\/wp\/v2\/users\/2"}],"replies":[{"embeddable":true,"href":"https:\/\/turanturan.com.tr\/en\/wp-json\/wp\/v2\/comments?post=35033"}],"version-history":[{"count":8,"href":"https:\/\/turanturan.com.tr\/en\/wp-json\/wp\/v2\/pages\/35033\/revisions"}],"predecessor-version":[{"id":53846,"href":"https:\/\/turanturan.com.tr\/en\/wp-json\/wp\/v2\/pages\/35033\/revisions\/53846"}],"wp:attachment":[{"href":"https:\/\/turanturan.com.tr\/en\/wp-json\/wp\/v2\/media?parent=35033"}],"curies":[{"name":"wp","href":"https:\/\/api.w.org\/{rel}","templated":true}]}}