{"id":35042,"date":"2023-08-03T13:34:43","date_gmt":"2023-08-03T10:34:43","guid":{"rendered":"https:\/\/turanturan.com.tr\/second-opinion\/"},"modified":"2025-12-17T11:07:36","modified_gmt":"2025-12-17T08:07:36","slug":"second-opinion","status":"publish","type":"page","link":"https:\/\/turanturan.com.tr\/en\/second-opinion\/","title":{"rendered":"Second Opinion"},"content":{"rendered":"\n<div class=\"gb-element-834d1cb5\">\n<div class=\"gb-element-d35d8c30\">\n<div class=\"gb-element-9e106568\">\n<div>\n<h1 class=\"gb-text gb-text-362c1ec7\"><strong><strong>How to get a second opinion for your treatment?<\/strong><\/strong><\/h1>\n\n\n\n<p>You may not always be completely sure about the recommended treatment for your orthopedic condition. Making decisions can be especially difficult for major procedures such as surgery. That\u2019s why obtaining a second expert opinion and learning about alternative treatments is important.<\/p>\n\n\n\n<p>Our specialist team in Orthopedics and Traumatology uses up-to-date diagnostic and treatment methods. Listening to the opinions of our expert team can help you make your final decision.<\/p>\n\n\n\n<p>The conditions for receiving a free second expert opinion for your orthopedic condition are as follows:<\/p>\n\n\n\n<ul class=\"wp-block-list\">\n<li>Radiological images must be sent directly (written reports or results alone are not sufficient).<\/li>\n\n\n\n<li>The images must have been taken within the last six (6) months.<\/li>\n\n\n\n<li>MRI images must be in a 3D zip file format (e-nab\u0131z links, 2D photos, or images will not be evaluated).<\/li>\n<\/ul>\n<\/div>\n\n\n\n<div>\n<style>\r\n\/* ----- Card \/ Layout ----- *\/\r\n\t.tt-contact-form p {\r\n\t\tmargin-bottom:0px;\r\n\t}\r\n\t.tt-contact-form .wpcf7-spinner {\r\n\t\tdisplay:none;\r\n\t}\r\n.tt-contact-card{\r\n  max-width: 820px; margin: 0 auto; padding: 28px 28px 24px;\r\n  border-radius: 18px;\r\n  background: #ffffff;\r\n  box-shadow: 0 10px 24px rgba(2,20,33,0.06);\r\n}\r\n.tt-contact-head{ margin-bottom:18px; line-height:1.15; }\r\n.tt-contact-head .kicker{\r\n  display:block; font-size:24px; font-weight:400; color:#555555; margin-bottom:4px;\r\n}\r\n.tt-contact-head .title{\r\n  display:block; font-size:28px; font-weight:700; color:#161616;\r\n}\r\n@media (max-width:640px){\r\n  .tt-contact-card{ padding:22px 16px; }\r\n  .tt-contact-head .kicker{ font-size:18px; }\r\n  .tt-contact-head .title{ font-size:28px; }\r\n}\r\n\r\n\/* ----- Form basics (keeps your CF7 styling) ----- *\/\r\n.tt-contact-form, .wpcf7 form { box-sizing:border-box; }\r\n.tt-contact-form *, .wpcf7 form * { box-sizing:inherit; }\r\n.tt-contact-form .wpcf7-form-control-wrap{ display:block; margin-bottom:14px; }\r\n\r\n.tt-label{ display:block; font-size:14px; color:#555555; margin:6px 0 8px; font-weight:400; }\r\n\r\n.tt-contact-form input.wpcf7-text,\r\n.tt-contact-form input.wpcf7-tel,\r\n.tt-contact-form input.wpcf7-email,\r\n.tt-contact-form textarea.wpcf7-textarea{\r\n  width:100% !important; max-width:100% !important; display:block;\r\n  background:#ffffff; border:1px solid rgba(0,0,0,.08);\r\n  border-radius:12px; padding:14px 14px; font-size:16px; line-height:1.45; outline:none; box-shadow:none;\r\n}\r\n.tt-contact-form input.wpcf7-text:focus,\r\n.tt-contact-form input.wpcf7-tel:focus,\r\n.tt-contact-form input.wpcf7-email:focus,\r\n.tt-contact-form textarea.wpcf7-textarea:focus{ box-shadow:0 0 0 3px rgba(59,130,246,.15); border-color:#cfe3ff; }\r\n.tt-contact-form textarea.wpcf7-textarea{ min-height:200px; resize:vertical; }\r\n.tt-contact-form ::placeholder{ color:#9aa0a6; }\r\n\r\n\/* reCAPTCHA *\/\r\n.tt-contact-form .g-recaptcha{ margin:8px 0 18px; }\r\n\r\n\/* ----- Choice tiles (replace submit) ----- *\/\r\n.files_area{\r\n  display:grid; grid-template-columns:repeat(3,minmax(0,1fr)); gap:14px; margin:6px 0 6px;\r\n}\r\n@media (max-width:640px){ .files_area{ grid-template-columns:1fr; } }\r\n\r\n.send_file_app{\r\n  display:flex; flex-direction:column; align-items:center; justify-content:center;\r\n  gap:10px; padding:16px 18px; border-radius:14px;\r\n  background:#F5F7FA;\r\n  cursor:pointer; user-select:none; text-align:center; font-weight:500; color:#0B1320;font-size:0.75rem;\r\n}\r\n.send_file_app:hover{ background:#EFF4F8; box-shadow:0 4px 12px rgba(15,23,42,.10); transform:translateY(-1px); }\r\n.send_file_app img{ width:28px; height:28px; object-fit:contain; }\r\n\r\n\/* CF7 notices *\/\r\n.wpcf7 form .wpcf7-response-output{ border-radius:10px; }\r\n\r\n\/* Note *\/\r\n.tt-note{ margin-top:10px; font-size:16px; color:#555555; font-weight:700; }\r\n<\/style>\r\n\r\n<div class=\"tt-contact-card\">\r\n  <div class=\"tt-contact-head\">\r\n    <span class=\"kicker\">To Get a Second Opinion<\/span>\r\n    <span class=\"title\">Upload Your File<\/span>\r\n  <\/div>\r\n\r\n  <div class=\"tt-contact-form\">\r\n    \n<div class=\"wpcf7 no-js\" id=\"wpcf7-f53875-o1\" lang=\"tr-TR\" dir=\"ltr\" data-wpcf7-id=\"53875\">\n<div class=\"screen-reader-response\"><p role=\"status\" aria-live=\"polite\" aria-atomic=\"true\"><\/p> <ul><\/ul><\/div>\n<form action=\"\/en\/wp-json\/wp\/v2\/pages\/35042#wpcf7-f53875-o1\" method=\"post\" class=\"wpcf7-form init\" aria-label=\"\u0130leti\u015fim Formu\" novalidate=\"novalidate\" data-status=\"init\">\n<fieldset class=\"hidden-fields-container\"><input type=\"hidden\" name=\"_wpcf7\" value=\"53875\" \/><input type=\"hidden\" name=\"_wpcf7_version\" value=\"6.1.4\" \/><input type=\"hidden\" name=\"_wpcf7_locale\" value=\"tr_TR\" \/><input type=\"hidden\" name=\"_wpcf7_unit_tag\" value=\"wpcf7-f53875-o1\" \/><input type=\"hidden\" name=\"_wpcf7_container_post\" value=\"0\" \/><input type=\"hidden\" name=\"_wpcf7_posted_data_hash\" value=\"\" \/><input type=\"hidden\" name=\"_wpcf7_recaptcha_response\" value=\"\" \/>\n<\/fieldset>\n<input class=\"wpcf7-form-control wpcf7-hidden\" value=\"0jbJRoRK6rwG67dibD8SClNGrT6o3yGq4UaJmd7uDCKLBaRINM\" type=\"hidden\" name=\"token\" \/>\n<input class=\"wpcf7-form-control wpcf7-hidden\" value=\"add\" type=\"hidden\" name=\"method\" \/>\n<input class=\"wpcf7-form-control wpcf7-hidden\" value=\"tt-iletisim\" type=\"hidden\" name=\"page_title\" \/>\n<input class=\"wpcf7-form-control wpcf7-hidden\" id=\"page_url\" value=\"\" type=\"hidden\" name=\"page_url\" \/>\n<input class=\"wpcf7-form-control wpcf7-hidden\" id=\"referrer\" value=\"\" type=\"hidden\" name=\"referrer\" \/>\n<input class=\"wpcf7-form-control wpcf7-hidden\" value=\"10\" type=\"hidden\" name=\"source_id\" \/>\n<p><span class=\"wpcf7-form-control-wrap\" data-name=\"full_name\"><input size=\"40\" maxlength=\"400\" class=\"wpcf7-form-control wpcf7-text wpcf7-validates-as-required\" id=\"tt-name\" aria-required=\"true\" aria-invalid=\"false\" placeholder=\"Name Surname*\" value=\"\" type=\"text\" name=\"full_name\" \/><\/span><span class=\"wpcf7-form-control-wrap\" data-name=\"phone\"><input size=\"40\" maxlength=\"400\" class=\"wpcf7-form-control wpcf7-tel wpcf7-validates-as-required wpcf7-text wpcf7-validates-as-tel\" id=\"tt-tel\" aria-required=\"true\" aria-invalid=\"false\" placeholder=\"Telephone Number*\" value=\"\" type=\"tel\" name=\"phone\" \/><\/span><input class=\"wpcf7-form-control wpcf7-submit has-spinner\" type=\"submit\" value=\"Send\" \/>\n<\/p><p style=\"display: none !important;\" class=\"akismet-fields-container\" data-prefix=\"_wpcf7_ak_\"><label>&#916;<textarea name=\"_wpcf7_ak_hp_textarea\" cols=\"45\" rows=\"8\" maxlength=\"100\"><\/textarea><\/label><input type=\"hidden\" id=\"ak_js_1\" name=\"_wpcf7_ak_js\" value=\"86\"\/><script>document.getElementById( \"ak_js_1\" ).setAttribute( \"value\", ( new Date() ).getTime() );<\/script><\/p><input type='hidden' class='wpcf7-pum' value='{\"closepopup\":false,\"closedelay\":0,\"openpopup\":false,\"openpopup_id\":0}' \/><div class=\"wpcf7-response-output\" aria-hidden=\"true\"><\/div>\n<\/form>\n<\/div>\n\r\n    <!-- Fields hint above the tiles -->\r\n    <div class=\"tt-label\" style=\"\">Select the application you want to send your file to<\/div>\r\n\r\n    <!-- Choice tiles -->\r\n    <div class=\"files_area\" aria-label=\"G\u00f6nderim kanal\u0131 se\u00e7imi\">\r\n      <div id=\"second-wp\" class=\"send_file_app\" data-target=\"https:\/\/wa.me\/905059991777\" role=\"button\" tabindex=\"0\" aria-label=\"WhatsApp ile g\u00f6nder\">\r\n        <img decoding=\"async\" src=\"https:\/\/kayhanturan.com\/wp-content\/uploads\/whatsapp_logo.png\" alt=\"\">Whatsapp\r\n      <\/div>\r\n      <div id=\"second-we\" class=\"send_file_app\" data-target=\"https:\/\/turanturanhealthgroup.wetransfer.com\/\" role=\"button\" tabindex=\"0\" aria-label=\"WeTransfer ile g\u00f6nder\">\r\n        <img decoding=\"async\" src=\"https:\/\/kayhanturan.com\/wp-content\/uploads\/WeTransfer_logo.png\" alt=\"\">We Transfer\r\n      <\/div>\r\n      <div id=\"second-mail\" class=\"send_file_app\" data-target=\"mailto:hastahizmetleri@turanturan.com.tr\" role=\"button\" tabindex=\"0\" aria-label=\"E-posta ile g\u00f6nder\">\r\n        <img decoding=\"async\" src=\"https:\/\/kayhanturan.com\/wp-content\/uploads\/email_icon.png\" alt=\"\">E-Posta\r\n      <\/div>\r\n    <\/div>\r\n\r\n    <div class=\"tt-note\">Note: This consultation is free of charge.<\/div>\r\n  <\/div>\r\n<\/div>\r\n\r\n<script>\r\n(function () {\r\n  let pendingRedirect = null, clicking = false;\r\n\r\n  function getForm(){ return document.querySelector(\".tt-contact-form .wpcf7 form\"); }\r\n\r\n  function ensureHidden(form, name, id){\r\n    let el = form.querySelector('input[name=\"'+name+'\"]');\r\n    if(!el){ el=document.createElement('input'); el.type='hidden'; el.name=name; if(id) el.id=id; form.appendChild(el); }\r\n    return el;\r\n  }\r\n\r\n  function setupForm(){\r\n    const form = getForm(); if(!form) return null;\r\n\r\n    \/\/ Fill & ensure hidden fields\r\n    ensureHidden(form,'page_url','page_url').value = window.location.href;\r\n    ensureHidden(form,'referrer','referrer').value = document.referrer || '';\r\n    ensureHidden(form,'channel','channel');\r\n    ensureHidden(form,'redirect_target','redirect_target');\r\n\r\n    \/\/ Hide native submit\r\n    form.querySelectorAll('input[type=\"submit\"],button[type=\"submit\"],.wpcf7-submit')\r\n        .forEach(b => b.style.setProperty('display','none','important'));\r\n    return form;\r\n  }\r\n\r\n  function channelFrom(el){\r\n    const id=(el.id||'').toLowerCase();\r\n    if(id.includes('wp')) return 'whatsapp';\r\n    if(id.includes('we')) return 'wetransfer';\r\n    if(id.includes('mail')) return 'email';\r\n    return (el.textContent||'').trim().toLowerCase();\r\n  }\r\n\r\n  function wireTiles(form){\r\n    document.querySelectorAll('.files_area .send_file_app').forEach(el=>{\r\n      el.addEventListener('click', ()=>{\r\n        if(clicking) return; clicking = true;\r\n        el.style.opacity='.7'; el.style.pointerEvents='none';\r\n\r\n        const target = el.getAttribute('data-target') || '';\r\n        const chan = channelFrom(el);\r\n        form.querySelector('input[name=\"redirect_target\"]').value = target;\r\n        form.querySelector('input[name=\"channel\"]').value = chan;\r\n        pendingRedirect = target;\r\n\r\n        if(typeof form.requestSubmit==='function') form.requestSubmit(); else form.submit();\r\n\r\n        \/\/ safety unlock\r\n        setTimeout(()=>{ clicking=false; el.style.opacity=''; el.style.pointerEvents=''; }, 8000);\r\n      });\r\n\r\n      \/\/ keyboard support\r\n      el.addEventListener('keydown', (e)=>{ if(e.key==='Enter'||e.key===' '){ e.preventDefault(); el.click(); } });\r\n    });\r\n  }\r\n\r\n  document.addEventListener('DOMContentLoaded', function(){\r\n    const form = setupForm(); if(!form) return;\r\n    wireTiles(form);\r\n  });\r\n\r\n  document.addEventListener('wpcf7mailsent', function(){\r\n    if(pendingRedirect){ window.location.href = pendingRedirect; pendingRedirect=null; }\r\n  });\r\n  document.addEventListener('wpcf7invalid',  function(){ pendingRedirect=null; clicking=false; });\r\n  document.addEventListener('wpcf7mailfailed',function(){ pendingRedirect=null; clicking=false; });\r\n})();\r\n<\/script>\r\n\n<\/div>\n<\/div>\n\n\n\n<div class=\"gb-element-566467ad\">\n<p class=\"gb-text gb-text-bfa691ab\">Prefer to Speak Directly with the Doctor?<\/p>\n\n\n\n<p class=\"gb-text\">If you would rather talk through your concerns in real time, we also offer&nbsp;<a href=\"https:\/\/turanturan.com.tr\/en\/online-consultation\/\" target=\"_blank\" rel=\"noreferrer noopener\">one-on-one virtual consultations<\/a>. This is a simple and secure way to get expert guidance from anywhere in the world without the need to travel.<\/p>\n<\/div>\n\n\n\n<h1 class=\"gb-text gb-text-08d78789\">Patient Reviews<\/h1>\n\n\n\n<div class=\"gb-element-453cc985\">\n<div>\n<figure class=\"wp-block-embed is-type-video is-provider-youtube wp-block-embed-youtube wp-embed-aspect-16-9 wp-has-aspect-ratio\"><div class=\"wp-block-embed__wrapper\">\n<iframe title=\"\u015eevkat Han\u0131m (72) - Hikayesi: Omurilik Kanal Daralmas\u0131 Tedavisinde Robotik Cerrahi\" width=\"1200\" height=\"675\" src=\"https:\/\/www.youtube.com\/embed\/m6Obzt2kjB8?feature=oembed\" frameborder=\"0\" allow=\"accelerometer; autoplay; clipboard-write; encrypted-media; gyroscope; picture-in-picture; web-share\" referrerpolicy=\"strict-origin-when-cross-origin\" allowfullscreen><\/iframe>\n<\/div><\/figure>\n<\/div>\n\n\n\n<div>\n<figure class=\"wp-block-embed is-type-video is-provider-youtube wp-block-embed-youtube wp-embed-aspect-16-9 wp-has-aspect-ratio\"><div class=\"wp-block-embed__wrapper\">\n<iframe title=\"60 Derece Skolyoz 0&#039;a D\u00fc\u015ft\u00fc (Robotik Skolyoz Ameliyat\u0131), \u0130zleyin!\" width=\"1200\" height=\"675\" src=\"https:\/\/www.youtube.com\/embed\/tDVgEChNhvs?feature=oembed\" frameborder=\"0\" allow=\"accelerometer; autoplay; clipboard-write; encrypted-media; gyroscope; picture-in-picture; web-share\" referrerpolicy=\"strict-origin-when-cross-origin\" allowfullscreen><\/iframe>\n<\/div><\/figure>\n<\/div>\n\n\n\n<div>\n<figure class=\"wp-block-embed is-type-video is-provider-youtube wp-block-embed-youtube wp-embed-aspect-16-9 wp-has-aspect-ratio\"><div class=\"wp-block-embed__wrapper\">\n<iframe title=\"Tam Kapal\u0131 Bel F\u0131t\u0131\u011f\u0131 Ameliyat\u0131ndan 1 Saat Sonra, Zeki Bey Y\u00fcr\u00fcmeye Ba\u015flad\u0131!\" width=\"1200\" height=\"675\" src=\"https:\/\/www.youtube.com\/embed\/cpzv6wrRzBY?feature=oembed\" frameborder=\"0\" allow=\"accelerometer; autoplay; clipboard-write; encrypted-media; gyroscope; picture-in-picture; web-share\" referrerpolicy=\"strict-origin-when-cross-origin\" allowfullscreen><\/iframe>\n<\/div><\/figure>\n<\/div>\n<\/div>\n<\/div>\n<\/div>\n","protected":false},"excerpt":{"rendered":"<p>How to get a second opinion for your treatment? You may not always be completely sure about the recommended treatment for your orthopedic condition. Making decisions can be especially difficult for major procedures such as surgery. That\u2019s why obtaining a second expert opinion and learning about alternative treatments is important. Our specialist team in Orthopedics &#8230; <a title=\"Second Opinion\" class=\"read-more\" href=\"https:\/\/turanturan.com.tr\/en\/second-opinion\/\" aria-label=\"Read more about Second Opinion\">Read more<\/a><\/p>\n","protected":false},"author":2,"featured_media":0,"parent":0,"menu_order":29,"comment_status":"closed","ping_status":"closed","template":"","meta":{"footnotes":""},"class_list":["post-35042","page","type-page","status-publish"],"_links":{"self":[{"href":"https:\/\/turanturan.com.tr\/en\/wp-json\/wp\/v2\/pages\/35042","targetHints":{"allow":["GET"]}}],"collection":[{"href":"https:\/\/turanturan.com.tr\/en\/wp-json\/wp\/v2\/pages"}],"about":[{"href":"https:\/\/turanturan.com.tr\/en\/wp-json\/wp\/v2\/types\/page"}],"author":[{"embeddable":true,"href":"https:\/\/turanturan.com.tr\/en\/wp-json\/wp\/v2\/users\/2"}],"replies":[{"embeddable":true,"href":"https:\/\/turanturan.com.tr\/en\/wp-json\/wp\/v2\/comments?post=35042"}],"version-history":[{"count":5,"href":"https:\/\/turanturan.com.tr\/en\/wp-json\/wp\/v2\/pages\/35042\/revisions"}],"predecessor-version":[{"id":55833,"href":"https:\/\/turanturan.com.tr\/en\/wp-json\/wp\/v2\/pages\/35042\/revisions\/55833"}],"wp:attachment":[{"href":"https:\/\/turanturan.com.tr\/en\/wp-json\/wp\/v2\/media?parent=35042"}],"curies":[{"name":"wp","href":"https:\/\/api.w.org\/{rel}","templated":true}]}}