{"id":35176,"date":"2021-01-19T16:20:37","date_gmt":"2021-01-19T13:20:37","guid":{"rendered":"https:\/\/turanturan.com.tr\/knee-pain\/"},"modified":"2025-12-17T11:04:38","modified_gmt":"2025-12-17T08:04:38","slug":"knee-pain","status":"publish","type":"page","link":"https:\/\/turanturan.com.tr\/en\/knee-pain\/","title":{"rendered":"<span id=\"kirkalti\">Knee Pain<\/span>"},"content":{"rendered":"\n<div class=\"gb-element-7f7b76e0\" style=\"--inline-bg-image: url(https:\/\/turanturan.com.tr\/wp-content\/uploads\/2021\/04\/diz.jpg)\">\n<div class=\"gb-element-e54dc37e\">\n<h1 class=\"gb-text gb-text-8fa30ec9\">Knee Pain<\/h1>\n<\/div>\n<\/div>\n\n\n\n<div class=\"gb-element-4896bff7\">\n<div class=\"gb-element-fa6a1f02\"><nav aria-label=\"breadcrumbs\" class=\"rank-math-breadcrumb\"><p><span class=\"last\">Home<\/span><\/p><\/nav>\n<\/div>\n<\/div>\n\n\n\n<div class=\"gb-element-251375c6\">\n<div class=\"gb-element-47b44948\">\n<div class=\"gb-element-50c422bd\">\n<div>\n<div class=\"gb-element-4530bc74\">\n<div>\n<img decoding=\"async\" width=\"300\" height=\"300\" class=\"gb-media-cafb4feb\" alt=\"D\u0130Z\" src=\"https:\/\/turanturan.com.tr\/wp-content\/uploads\/2021\/01\/turan-turan-iconlar-mavi-yuvarlak-vector-06.jpg\" title=\"D\u0130Z\" srcset=\"https:\/\/turanturan.com.tr\/wp-content\/uploads\/2021\/01\/turan-turan-iconlar-mavi-yuvarlak-vector-06.jpg 300w, https:\/\/turanturan.com.tr\/wp-content\/uploads\/2021\/01\/turan-turan-iconlar-mavi-yuvarlak-vector-06-150x150.jpg 150w\" sizes=\"(max-width: 300px) 100vw, 300px\" \/>\n<\/div>\n\n\n\n<div>\n<h2 class=\"gb-text gb-text-983c75e5\">Knee Pain<\/h2>\n\n\n\n<p class=\"gb-text gb-text-f7b4b161\">Knee pain, and especially knee osteoarthritis, is a common joint problem in the population. The knee joint both supports the body\u2019s weight and enables daily mobility. Due to its location and structure, it is vulnerable to impact and injuries. Meniscus, ligament, and cartilage injuries, especially resulting from falls, can cause pain, swelling, and limited movement in the knee. Serious damage to the knee joint over time can lead to wear and tear of the joint cartilage, ultimately resulting in osteoarthritis.<\/p>\n\n\n\n<p class=\"gb-text gb-text-525fce7c\"><strong>Common knee problems:<\/strong><\/p>\n\n\n\n<ul style=\"color:#17449e;font-size:15px\" class=\"wp-block-list has-text-color has-link-color wp-elements-b53f6d9be3dcad22675c3a7ca365d1a5\">\n<li>Knee osteoarthritis<\/li>\n\n\n\n<li>Patellofemoral pain<\/li>\n\n\n\n<li>Plica syndrome<\/li>\n\n\n\n<li>Knee joint synovitis<\/li>\n\n\n\n<li>Meniscus tears<\/li>\n\n\n\n<li>Ligament injuries<\/li>\n<\/ul>\n<\/div>\n<\/div>\n\n\n\n<div class=\"gb-element-9ce3a180\">\n<div class=\"gb-element-6ed02dac\">\n<img decoding=\"async\" width=\"140\" height=\"140\" class=\"gb-media-5db2f140\" alt=\"diz\" src=\"https:\/\/turanturan.com.tr\/wp-content\/uploads\/2021\/01\/3lu-icon-tt-website-10.png\" title=\"diz\"\/>\n\n\n\n<a class=\"gb-text gb-text-9684a646\">Causes of Knee Pain<\/a>\n<\/div>\n\n\n\n<div class=\"gb-element-fa97ee6e\">\n<img decoding=\"async\" width=\"140\" height=\"140\" class=\"gb-media-c5f7520f\" alt=\"tt\" src=\"https:\/\/turanturan.com.tr\/wp-content\/uploads\/2021\/01\/ameliyatsiz.png\" title=\"ameliyats\u0131z\"\/>\n\n\n\n<a class=\"gb-text gb-text-959702bf\" href=\"https:\/\/turanturan.com.tr\/blog\/diz-kireclenmesinde-kok-hucre-tedavisi\/\" target=\"_blank\" rel=\"noopener\">Non-Surgical Treatment<\/a>\n<\/div>\n\n\n\n<div class=\"gb-element-c84c4d3a\">\n<img decoding=\"async\" width=\"140\" height=\"140\" class=\"gb-media-e864b71c\" alt=\"ameliyatl\u0131\" src=\"https:\/\/turanturan.com.tr\/wp-content\/uploads\/2021\/01\/ameliyatli-1.png\" title=\"ameliyatl\u0131\"\/>\n\n\n\n<a class=\"gb-text gb-text-1db8c336\" href=\"https:\/\/turanturan.com.tr\/ortopedi-ve-travmatoloji\/diz-cerrahisi\/\" target=\"_blank\" rel=\"noopener\">Surgical Treatment<\/a>\n<\/div>\n<\/div>\n<\/div>\n\n\n\n<div>\n<p class=\"gb-text gb-text-e80e96f0\"><strong><strong>Where is Your Pain<\/strong><\/strong><\/p>\n\n\n<nav class=\"is-responsive  is-vertical wp-block-navigation is-layout-flex wp-container-core-navigation-is-layout-8cf370e7 wp-block-navigation-is-layout-flex\" aria-label=\"A\u011fr\u0131n\u0131z Nerede EN\" \n\t\t data-wp-interactive=\"core\/navigation\" data-wp-context='{\"overlayOpenedBy\":{\"click\":false,\"hover\":false,\"focus\":false},\"type\":\"overlay\",\"roleAttribute\":\"\",\"ariaLabel\":\"Menu\"}'><button aria-haspopup=\"dialog\" aria-label=\"Open menu\" class=\"wp-block-navigation__responsive-container-open\" \n\t\t\t\tdata-wp-on--click=\"actions.openMenuOnClick\"\n\t\t\t\tdata-wp-on--keydown=\"actions.handleMenuKeydown\"\n\t\t\t><svg width=\"24\" height=\"24\" xmlns=\"http:\/\/www.w3.org\/2000\/svg\" viewBox=\"0 0 24 24\" aria-hidden=\"true\" focusable=\"false\"><path d=\"M4 7.5h16v1.5H4z\"><\/path><path d=\"M4 15h16v1.5H4z\"><\/path><\/svg><\/button>\n\t\t\t\t<div class=\"wp-block-navigation__responsive-container\"  id=\"modal-1\" \n\t\t\t\tdata-wp-class--has-modal-open=\"state.isMenuOpen\"\n\t\t\t\tdata-wp-class--is-menu-open=\"state.isMenuOpen\"\n\t\t\t\tdata-wp-watch=\"callbacks.initMenu\"\n\t\t\t\tdata-wp-on--keydown=\"actions.handleMenuKeydown\"\n\t\t\t\tdata-wp-on--focusout=\"actions.handleMenuFocusout\"\n\t\t\t\ttabindex=\"-1\"\n\t\t\t>\n\t\t\t\t\t<div class=\"wp-block-navigation__responsive-close\" tabindex=\"-1\">\n\t\t\t\t\t\t<div class=\"wp-block-navigation__responsive-dialog\" \n\t\t\t\tdata-wp-bind--aria-modal=\"state.ariaModal\"\n\t\t\t\tdata-wp-bind--aria-label=\"state.ariaLabel\"\n\t\t\t\tdata-wp-bind--role=\"state.roleAttribute\"\n\t\t\t>\n\t\t\t\t\t\t\t<button aria-label=\"Close menu\" class=\"wp-block-navigation__responsive-container-close\" \n\t\t\t\tdata-wp-on--click=\"actions.closeMenuOnClick\"\n\t\t\t><svg xmlns=\"http:\/\/www.w3.org\/2000\/svg\" viewBox=\"0 0 24 24\" width=\"24\" height=\"24\" aria-hidden=\"true\" focusable=\"false\"><path d=\"m13.06 12 6.47-6.47-1.06-1.06L12 10.94 5.53 4.47 4.47 5.53 10.94 12l-6.47 6.47 1.06 1.06L12 13.06l6.47 6.47 1.06-1.06L13.06 12Z\"><\/path><\/svg><\/button>\n\t\t\t\t\t\t\t<div class=\"wp-block-navigation__responsive-container-content\" \n\t\t\t\tdata-wp-watch=\"callbacks.focusFirstElement\"\n\t\t\t id=\"modal-1-content\">\n\t\t\t\t\t\t\t\t<ul class=\"wp-block-navigation__container is-responsive  is-vertical wp-block-navigation\"><li class=\" wp-block-navigation-item wp-block-navigation-link\"><a class=\"wp-block-navigation-item__content\"  href=\"https:\/\/turanturan.com.tr\/en\/low-back-pain\/\"><span class=\"wp-block-navigation-item__label\">\u279d Low Back Pain<\/span><\/a><\/li><li class=\" wp-block-navigation-item wp-block-navigation-link\"><a class=\"wp-block-navigation-item__content\"  href=\"https:\/\/turanturan.com.tr\/en\/elbow-pain\/\"><span class=\"wp-block-navigation-item__label\">\u279d Elbow Pain<\/span><\/a><\/li><li class=\" wp-block-navigation-item wp-block-navigation-link\"><a class=\"wp-block-navigation-item__content\"  href=\"https:\/\/turanturan.com.tr\/en\/hip-pain\/\"><span class=\"wp-block-navigation-item__label\">\u279d Hip Pain<\/span><\/a><\/li><li class=\" wp-block-navigation-item wp-block-navigation-link\"><a class=\"wp-block-navigation-item__content\"  href=\"https:\/\/turanturan.com.tr\/en\/shoulder-pain\/\"><span class=\"wp-block-navigation-item__label\">\u279d Shoulder Pain<\/span><\/a><\/li><li class=\" wp-block-navigation-item wp-block-navigation-link\"><a class=\"wp-block-navigation-item__content\"  href=\"https:\/\/turanturan.com.tr\/en\/knee-pain\/\"><span class=\"wp-block-navigation-item__label\">\u279d Knee Pain<\/span><\/a><\/li><li class=\" wp-block-navigation-item wp-block-navigation-link\"><a class=\"wp-block-navigation-item__content\"  href=\"https:\/\/turanturan.com.tr\/en\/hand-wrist-pain\/\"><span class=\"wp-block-navigation-item__label\">\u279d Hand-Wrist Pain<\/span><\/a><\/li><li class=\" wp-block-navigation-item wp-block-navigation-link\"><a class=\"wp-block-navigation-item__content\"  href=\"https:\/\/turanturan.com.tr\/en\/back-pain\/\"><span class=\"wp-block-navigation-item__label\">\u279d Back Pain<\/span><\/a><\/li><li class=\" wp-block-navigation-item wp-block-navigation-link\"><a class=\"wp-block-navigation-item__content\"  href=\"https:\/\/turanturan.com.tr\/en\/neck-pain\/\"><span class=\"wp-block-navigation-item__label\">\u279d Neck Pain<\/span><\/a><\/li><li class=\" wp-block-navigation-item wp-block-navigation-link\"><a class=\"wp-block-navigation-item__content\"  href=\"https:\/\/turanturan.com.tr\/en\/foot-and-ankle-pain\/\"><span class=\"wp-block-navigation-item__label\">\u279d Foot &amp; Ankle Pain<\/span><\/a><\/li><\/ul>\n\t\t\t\t\t\t\t<\/div>\n\t\t\t\t\t\t<\/div>\n\t\t\t\t\t<\/div>\n\t\t\t\t<\/div><\/nav><\/div>\n<\/div>\n<\/div>\n<\/div>\n","protected":false},"excerpt":{"rendered":"<p>Knee Pain Knee Pain Knee pain, and especially knee osteoarthritis, is a common joint problem in the population. The knee joint both supports the body\u2019s weight and enables daily mobility. Due to its location and structure, it is vulnerable to impact and injuries. Meniscus, ligament, and cartilage injuries, especially resulting from falls, can cause pain, &#8230; <a title=\"Knee Pain\" class=\"read-more\" href=\"https:\/\/turanturan.com.tr\/en\/knee-pain\/\" aria-label=\"Read more about Knee Pain\">Read more<\/a><\/p>\n","protected":false},"author":2,"featured_media":0,"parent":0,"menu_order":73,"comment_status":"closed","ping_status":"closed","template":"","meta":{"footnotes":""},"class_list":["post-35176","page","type-page","status-publish"],"_links":{"self":[{"href":"https:\/\/turanturan.com.tr\/en\/wp-json\/wp\/v2\/pages\/35176","targetHints":{"allow":["GET"]}}],"collection":[{"href":"https:\/\/turanturan.com.tr\/en\/wp-json\/wp\/v2\/pages"}],"about":[{"href":"https:\/\/turanturan.com.tr\/en\/wp-json\/wp\/v2\/types\/page"}],"author":[{"embeddable":true,"href":"https:\/\/turanturan.com.tr\/en\/wp-json\/wp\/v2\/users\/2"}],"replies":[{"embeddable":true,"href":"https:\/\/turanturan.com.tr\/en\/wp-json\/wp\/v2\/comments?post=35176"}],"version-history":[{"count":4,"href":"https:\/\/turanturan.com.tr\/en\/wp-json\/wp\/v2\/pages\/35176\/revisions"}],"predecessor-version":[{"id":55832,"href":"https:\/\/turanturan.com.tr\/en\/wp-json\/wp\/v2\/pages\/35176\/revisions\/55832"}],"wp:attachment":[{"href":"https:\/\/turanturan.com.tr\/en\/wp-json\/wp\/v2\/media?parent=35176"}],"curies":[{"name":"wp","href":"https:\/\/api.w.org\/{rel}","templated":true}]}}