{"id":35179,"date":"2021-01-19T16:17:13","date_gmt":"2021-01-19T13:17:13","guid":{"rendered":"https:\/\/turanturan.com.tr\/neck-pain\/"},"modified":"2025-12-17T11:09:53","modified_gmt":"2025-12-17T08:09:53","slug":"neck-pain","status":"publish","type":"page","link":"https:\/\/turanturan.com.tr\/en\/neck-pain\/","title":{"rendered":"<span id=\"kirkalti\">Neck Pain<\/span>"},"content":{"rendered":"\n<div class=\"gb-element-7f7b76e0\" style=\"--inline-bg-image: url(https:\/\/turanturan.com.tr\/wp-content\/uploads\/2021\/03\/page-title.jpg)\">\n<div class=\"gb-element-e54dc37e\">\n<h1 class=\"gb-text gb-text-8fa30ec9\">Neck Pain<\/h1>\n<\/div>\n<\/div>\n\n\n\n<div class=\"gb-element-4896bff7\">\n<div class=\"gb-element-fa6a1f02\"><nav aria-label=\"breadcrumbs\" class=\"rank-math-breadcrumb\"><p><span class=\"last\">Home<\/span><\/p><\/nav>\n<\/div>\n<\/div>\n\n\n\n<div class=\"gb-element-251375c6\">\n<div class=\"gb-element-47b44948\">\n<div class=\"gb-element-50c422bd\">\n<div>\n<div class=\"gb-element-4530bc74\">\n<div>\n<img decoding=\"async\" width=\"300\" height=\"300\" class=\"gb-media-cafb4feb\" alt=\"tt\" src=\"https:\/\/turanturan.com.tr\/wp-content\/uploads\/2021\/01\/turan-turan-iconlar-mavi-yuvarlak-vector-07.jpg\" title=\"turan turan iconlar mavi yuvarlak vector\" srcset=\"https:\/\/turanturan.com.tr\/wp-content\/uploads\/2021\/01\/turan-turan-iconlar-mavi-yuvarlak-vector-07.jpg 300w, https:\/\/turanturan.com.tr\/wp-content\/uploads\/2021\/01\/turan-turan-iconlar-mavi-yuvarlak-vector-07-150x150.jpg 150w\" sizes=\"(max-width: 300px) 100vw, 300px\" \/>\n<\/div>\n\n\n\n<div>\n<h2 class=\"gb-text gb-text-983c75e5\">Neck Pain<\/h2>\n\n\n\n<p class=\"gb-text gb-text-f7b4b161\">Neck pain most commonly occurs due to trauma. This trauma can develop suddenly, such as when the neck is jolted forward and backward in a car accident, or it can result from prolonged tension trauma caused by poor posture while using a computer or phone. Similarly, reading or studying with the head bent for long periods can also lead to neck and back pain. Neck pain can originate from the vertebrae, intervertebral discs, facet joints, ligaments, muscles, spinal cord, or nerve roots.<\/p>\n\n\n\n<p class=\"gb-text gb-text-525fce7c\">Common neck problems;<\/p>\n\n\n\n<ul style=\"color:#17449e;font-size:15px\" class=\"wp-block-list has-text-color has-link-color wp-elements-9d309bd5b64e2739cc97ba374c4a9b1d\">\n<li><a href=\"https:\/\/turanturan.com.tr\/eklem-cerrahisi\/omuz-rotator-manset-yirtigi\/\"><\/a>Poor neck posture<\/li>\n\n\n\n<li>Strain of neck muscles and ligaments<\/li>\n\n\n\n<li>Cervical herniated discs<\/li>\n\n\n\n<li>Cervical osteoarthritis<\/li>\n\n\n\n<li>Cervical spinal canal stenosis<\/li>\n\n\n\n<li>Whiplash from trauma<\/li>\n<\/ul>\n<\/div>\n<\/div>\n\n\n\n<div class=\"gb-element-9ce3a180\">\n<div class=\"gb-element-6ed02dac\">\n<img decoding=\"async\" width=\"140\" height=\"140\" class=\"gb-media-5db2f140\" alt=\"tt\" src=\"https:\/\/turanturan.com.tr\/wp-content\/uploads\/2021\/01\/3lu-icon-tt-website-09.png\" title=\"3l\u00fc icon tt website-09\"\/>\n\n\n\n<a class=\"gb-text gb-text-9684a646\">Causes of Neck Pain<\/a>\n<\/div>\n\n\n\n<div class=\"gb-element-fa97ee6e\">\n<img decoding=\"async\" width=\"140\" height=\"140\" class=\"gb-media-c5f7520f\" alt=\"tt\" src=\"https:\/\/turanturan.com.tr\/wp-content\/uploads\/2021\/01\/ameliyatsiz.png\" title=\"ameliyats\u0131z\"\/>\n\n\n\n<a class=\"gb-text gb-text-959702bf\">Non-Surgical Treatment<\/a>\n<\/div>\n\n\n\n<div class=\"gb-element-c84c4d3a\">\n<img decoding=\"async\" width=\"140\" height=\"140\" class=\"gb-media-e864b71c\" alt=\"ameliyatl\u0131\" src=\"https:\/\/turanturan.com.tr\/wp-content\/uploads\/2021\/01\/ameliyatli-1.png\" title=\"ameliyatl\u0131\"\/>\n\n\n\n<a class=\"gb-text gb-text-1db8c336\">Surgical Treatment<\/a>\n<\/div>\n<\/div>\n<\/div>\n\n\n\n<div>\n<p class=\"gb-text gb-text-e80e96f0\"><strong><strong>Where is Your Pain<\/strong><\/strong><\/p>\n\n\n<nav class=\"is-responsive  is-vertical wp-block-navigation is-layout-flex wp-container-core-navigation-is-layout-8cf370e7 wp-block-navigation-is-layout-flex\" aria-label=\"A\u011fr\u0131n\u0131z Nerede EN\" \n\t\t data-wp-interactive=\"core\/navigation\" data-wp-context='{\"overlayOpenedBy\":{\"click\":false,\"hover\":false,\"focus\":false},\"type\":\"overlay\",\"roleAttribute\":\"\",\"ariaLabel\":\"Menu\"}'><button aria-haspopup=\"dialog\" aria-label=\"Open menu\" class=\"wp-block-navigation__responsive-container-open\" \n\t\t\t\tdata-wp-on--click=\"actions.openMenuOnClick\"\n\t\t\t\tdata-wp-on--keydown=\"actions.handleMenuKeydown\"\n\t\t\t><svg width=\"24\" height=\"24\" xmlns=\"http:\/\/www.w3.org\/2000\/svg\" viewBox=\"0 0 24 24\" aria-hidden=\"true\" focusable=\"false\"><path d=\"M4 7.5h16v1.5H4z\"><\/path><path d=\"M4 15h16v1.5H4z\"><\/path><\/svg><\/button>\n\t\t\t\t<div class=\"wp-block-navigation__responsive-container\"  id=\"modal-1\" \n\t\t\t\tdata-wp-class--has-modal-open=\"state.isMenuOpen\"\n\t\t\t\tdata-wp-class--is-menu-open=\"state.isMenuOpen\"\n\t\t\t\tdata-wp-watch=\"callbacks.initMenu\"\n\t\t\t\tdata-wp-on--keydown=\"actions.handleMenuKeydown\"\n\t\t\t\tdata-wp-on--focusout=\"actions.handleMenuFocusout\"\n\t\t\t\ttabindex=\"-1\"\n\t\t\t>\n\t\t\t\t\t<div class=\"wp-block-navigation__responsive-close\" tabindex=\"-1\">\n\t\t\t\t\t\t<div class=\"wp-block-navigation__responsive-dialog\" \n\t\t\t\tdata-wp-bind--aria-modal=\"state.ariaModal\"\n\t\t\t\tdata-wp-bind--aria-label=\"state.ariaLabel\"\n\t\t\t\tdata-wp-bind--role=\"state.roleAttribute\"\n\t\t\t>\n\t\t\t\t\t\t\t<button aria-label=\"Close menu\" class=\"wp-block-navigation__responsive-container-close\" \n\t\t\t\tdata-wp-on--click=\"actions.closeMenuOnClick\"\n\t\t\t><svg xmlns=\"http:\/\/www.w3.org\/2000\/svg\" viewBox=\"0 0 24 24\" width=\"24\" height=\"24\" aria-hidden=\"true\" focusable=\"false\"><path d=\"m13.06 12 6.47-6.47-1.06-1.06L12 10.94 5.53 4.47 4.47 5.53 10.94 12l-6.47 6.47 1.06 1.06L12 13.06l6.47 6.47 1.06-1.06L13.06 12Z\"><\/path><\/svg><\/button>\n\t\t\t\t\t\t\t<div class=\"wp-block-navigation__responsive-container-content\" \n\t\t\t\tdata-wp-watch=\"callbacks.focusFirstElement\"\n\t\t\t id=\"modal-1-content\">\n\t\t\t\t\t\t\t\t<ul class=\"wp-block-navigation__container is-responsive  is-vertical wp-block-navigation\"><li class=\" wp-block-navigation-item wp-block-navigation-link\"><a class=\"wp-block-navigation-item__content\"  href=\"https:\/\/turanturan.com.tr\/en\/low-back-pain\/\"><span class=\"wp-block-navigation-item__label\">\u279d Low Back Pain<\/span><\/a><\/li><li class=\" wp-block-navigation-item wp-block-navigation-link\"><a class=\"wp-block-navigation-item__content\"  href=\"https:\/\/turanturan.com.tr\/en\/elbow-pain\/\"><span class=\"wp-block-navigation-item__label\">\u279d Elbow Pain<\/span><\/a><\/li><li class=\" wp-block-navigation-item wp-block-navigation-link\"><a class=\"wp-block-navigation-item__content\"  href=\"https:\/\/turanturan.com.tr\/en\/hip-pain\/\"><span class=\"wp-block-navigation-item__label\">\u279d Hip Pain<\/span><\/a><\/li><li class=\" wp-block-navigation-item wp-block-navigation-link\"><a class=\"wp-block-navigation-item__content\"  href=\"https:\/\/turanturan.com.tr\/en\/shoulder-pain\/\"><span class=\"wp-block-navigation-item__label\">\u279d Shoulder Pain<\/span><\/a><\/li><li class=\" wp-block-navigation-item wp-block-navigation-link\"><a class=\"wp-block-navigation-item__content\"  href=\"https:\/\/turanturan.com.tr\/en\/knee-pain\/\"><span class=\"wp-block-navigation-item__label\">\u279d Knee Pain<\/span><\/a><\/li><li class=\" wp-block-navigation-item wp-block-navigation-link\"><a class=\"wp-block-navigation-item__content\"  href=\"https:\/\/turanturan.com.tr\/en\/hand-wrist-pain\/\"><span class=\"wp-block-navigation-item__label\">\u279d Hand-Wrist Pain<\/span><\/a><\/li><li class=\" wp-block-navigation-item wp-block-navigation-link\"><a class=\"wp-block-navigation-item__content\"  href=\"https:\/\/turanturan.com.tr\/en\/back-pain\/\"><span class=\"wp-block-navigation-item__label\">\u279d Back Pain<\/span><\/a><\/li><li class=\" wp-block-navigation-item wp-block-navigation-link\"><a class=\"wp-block-navigation-item__content\"  href=\"https:\/\/turanturan.com.tr\/en\/neck-pain\/\"><span class=\"wp-block-navigation-item__label\">\u279d Neck Pain<\/span><\/a><\/li><li class=\" wp-block-navigation-item wp-block-navigation-link\"><a class=\"wp-block-navigation-item__content\"  href=\"https:\/\/turanturan.com.tr\/en\/foot-and-ankle-pain\/\"><span class=\"wp-block-navigation-item__label\">\u279d Foot &amp; Ankle Pain<\/span><\/a><\/li><\/ul>\n\t\t\t\t\t\t\t<\/div>\n\t\t\t\t\t\t<\/div>\n\t\t\t\t\t<\/div>\n\t\t\t\t<\/div><\/nav><\/div>\n<\/div>\n<\/div>\n<\/div>\n","protected":false},"excerpt":{"rendered":"<p>Neck Pain Neck Pain Neck pain most commonly occurs due to trauma. This trauma can develop suddenly, such as when the neck is jolted forward and backward in a car accident, or it can result from prolonged tension trauma caused by poor posture while using a computer or phone. Similarly, reading or studying with the &#8230; <a title=\"Neck Pain\" class=\"read-more\" href=\"https:\/\/turanturan.com.tr\/en\/neck-pain\/\" aria-label=\"Read more about Neck Pain\">Read more<\/a><\/p>\n","protected":false},"author":2,"featured_media":0,"parent":0,"menu_order":76,"comment_status":"closed","ping_status":"closed","template":"","meta":{"footnotes":""},"class_list":["post-35179","page","type-page","status-publish"],"_links":{"self":[{"href":"https:\/\/turanturan.com.tr\/en\/wp-json\/wp\/v2\/pages\/35179","targetHints":{"allow":["GET"]}}],"collection":[{"href":"https:\/\/turanturan.com.tr\/en\/wp-json\/wp\/v2\/pages"}],"about":[{"href":"https:\/\/turanturan.com.tr\/en\/wp-json\/wp\/v2\/types\/page"}],"author":[{"embeddable":true,"href":"https:\/\/turanturan.com.tr\/en\/wp-json\/wp\/v2\/users\/2"}],"replies":[{"embeddable":true,"href":"https:\/\/turanturan.com.tr\/en\/wp-json\/wp\/v2\/comments?post=35179"}],"version-history":[{"count":2,"href":"https:\/\/turanturan.com.tr\/en\/wp-json\/wp\/v2\/pages\/35179\/revisions"}],"predecessor-version":[{"id":55859,"href":"https:\/\/turanturan.com.tr\/en\/wp-json\/wp\/v2\/pages\/35179\/revisions\/55859"}],"wp:attachment":[{"href":"https:\/\/turanturan.com.tr\/en\/wp-json\/wp\/v2\/media?parent=35179"}],"curies":[{"name":"wp","href":"https:\/\/api.w.org\/{rel}","templated":true}]}}