{"id":35180,"date":"2021-01-19T16:21:07","date_gmt":"2021-01-19T13:21:07","guid":{"rendered":"https:\/\/turanturan.com.tr\/foot-and-ankle-pain\/"},"modified":"2025-12-17T11:08:30","modified_gmt":"2025-12-17T08:08:30","slug":"foot-and-ankle-pain","status":"publish","type":"page","link":"https:\/\/turanturan.com.tr\/en\/foot-and-ankle-pain\/","title":{"rendered":"<span id=\"kirkalti\">Foot and Ankle Pain<\/span>"},"content":{"rendered":"\n<div class=\"gb-element-7f7b76e0\" style=\"--inline-bg-image: url(https:\/\/turanturan.com.tr\/wp-content\/uploads\/2021\/03\/ayak-cerrahisi-mavi-banner.jpg)\">\n<div class=\"gb-element-e54dc37e\">\n<h1 class=\"gb-text gb-text-8fa30ec9\">Foot and Ankle Pain<\/h1>\n<\/div>\n<\/div>\n\n\n\n<div class=\"gb-element-4896bff7\">\n<div class=\"gb-element-fa6a1f02\"><nav aria-label=\"breadcrumbs\" class=\"rank-math-breadcrumb\"><p><span class=\"last\">Home<\/span><\/p><\/nav>\n<\/div>\n<\/div>\n\n\n\n<div class=\"gb-element-251375c6\">\n<div class=\"gb-element-47b44948\">\n<div class=\"gb-element-50c422bd\">\n<div>\n<div class=\"gb-element-4530bc74\">\n<div>\n<img decoding=\"async\" class=\"gb-media-cafb4feb\" alt=\"ayak ayak bile\u011fi a\u011fr\u0131s\u0131\" src=\"https:\/\/turanturan.com.tr\/wp-content\/uploads\/2021\/01\/turan-turan-iconlar-mavi-yuvarlak-vector-01.jpg\" title=\"turan turan iconlar mavi yuvarlak vector\"\/>\n<\/div>\n\n\n\n<div>\n<h2 class=\"gb-text gb-text-983c75e5\">Foot and Ankle Pain<\/h2>\n\n\n\n<p class=\"gb-text gb-text-f7b4b161\">Feet are the joints that directly bear the body\u2019s weight and act as shock absorbers by transferring this weight to the ground. During walking or running, the bones, muscles, joints, and ligaments that make up the foot must work together at proper angles to distribute body weight evenly. However, many people have congenital or acquired foot deformities. Structural and functional problems in the foot can gradually cause pain in the knee, leg, and even the lower back.<\/p>\n\n\n\n<p><strong>Common Foot and Ankle Issues:<\/strong><\/p>\n\n\n\n<ul class=\"wp-block-list\">\n<li>Bunions (Hallux Valgus)<\/li>\n\n\n\n<li>Flat feet<\/li>\n\n\n\n<li>Heel spurs<\/li>\n\n\n\n<li>Ligament injuries<\/li>\n\n\n\n<li>Tendon disorders<\/li>\n\n\n\n<li>Ankle cartilage problems<\/li>\n\n\n\n<li>Warts<\/li>\n\n\n\n<li>Diabetic foot<\/li>\n<\/ul>\n<\/div>\n<\/div>\n\n\n\n<div class=\"gb-element-9ce3a180\">\n<div class=\"gb-element-6ed02dac\">\n<img decoding=\"async\" width=\"140\" height=\"140\" class=\"gb-media-5db2f140\" alt=\"\" src=\"https:\/\/turanturan.com.tr\/wp-content\/uploads\/2021\/01\/3lu-icon-tt-website-11.png\" title=\"ayak\"\/>\n\n\n\n<p class=\"gb-text gb-text-9684a646\">Foot and Ankle Pain<\/p>\n<\/div>\n\n\n\n<div class=\"gb-element-fa97ee6e\">\n<img decoding=\"async\" width=\"140\" height=\"140\" class=\"gb-media-c5f7520f\" alt=\"tt\" src=\"https:\/\/turanturan.com.tr\/wp-content\/uploads\/2021\/01\/ameliyatsiz.png\" title=\"ameliyats\u0131z\"\/>\n\n\n\n<p class=\"gb-text gb-text-959702bf\">Non-Surgical Treatment<\/p>\n<\/div>\n\n\n\n<div class=\"gb-element-c84c4d3a\">\n<img decoding=\"async\" width=\"140\" height=\"140\" class=\"gb-media-e864b71c\" alt=\"ameliyatl\u0131\" src=\"https:\/\/turanturan.com.tr\/wp-content\/uploads\/2021\/01\/ameliyatli-1.png\" title=\"ameliyatl\u0131\"\/>\n\n\n\n<p class=\"gb-text gb-text-1db8c336\">Surgical Treatment<\/p>\n<\/div>\n<\/div>\n<\/div>\n\n\n\n<div>\n<p class=\"gb-text gb-text-e80e96f0\"><strong><strong>Where is Your Pain<\/strong><\/strong><\/p>\n\n\n<nav class=\"is-responsive  is-vertical wp-block-navigation is-layout-flex wp-container-core-navigation-is-layout-8cf370e7 wp-block-navigation-is-layout-flex\" aria-label=\"A\u011fr\u0131n\u0131z Nerede EN\" \n\t\t data-wp-interactive=\"core\/navigation\" data-wp-context='{\"overlayOpenedBy\":{\"click\":false,\"hover\":false,\"focus\":false},\"type\":\"overlay\",\"roleAttribute\":\"\",\"ariaLabel\":\"Menu\"}'><button aria-haspopup=\"dialog\" aria-label=\"Open menu\" class=\"wp-block-navigation__responsive-container-open\" \n\t\t\t\tdata-wp-on--click=\"actions.openMenuOnClick\"\n\t\t\t\tdata-wp-on--keydown=\"actions.handleMenuKeydown\"\n\t\t\t><svg width=\"24\" height=\"24\" xmlns=\"http:\/\/www.w3.org\/2000\/svg\" viewBox=\"0 0 24 24\" aria-hidden=\"true\" focusable=\"false\"><path d=\"M4 7.5h16v1.5H4z\"><\/path><path d=\"M4 15h16v1.5H4z\"><\/path><\/svg><\/button>\n\t\t\t\t<div class=\"wp-block-navigation__responsive-container\"  id=\"modal-1\" \n\t\t\t\tdata-wp-class--has-modal-open=\"state.isMenuOpen\"\n\t\t\t\tdata-wp-class--is-menu-open=\"state.isMenuOpen\"\n\t\t\t\tdata-wp-watch=\"callbacks.initMenu\"\n\t\t\t\tdata-wp-on--keydown=\"actions.handleMenuKeydown\"\n\t\t\t\tdata-wp-on--focusout=\"actions.handleMenuFocusout\"\n\t\t\t\ttabindex=\"-1\"\n\t\t\t>\n\t\t\t\t\t<div class=\"wp-block-navigation__responsive-close\" tabindex=\"-1\">\n\t\t\t\t\t\t<div class=\"wp-block-navigation__responsive-dialog\" \n\t\t\t\tdata-wp-bind--aria-modal=\"state.ariaModal\"\n\t\t\t\tdata-wp-bind--aria-label=\"state.ariaLabel\"\n\t\t\t\tdata-wp-bind--role=\"state.roleAttribute\"\n\t\t\t>\n\t\t\t\t\t\t\t<button aria-label=\"Close menu\" class=\"wp-block-navigation__responsive-container-close\" \n\t\t\t\tdata-wp-on--click=\"actions.closeMenuOnClick\"\n\t\t\t><svg xmlns=\"http:\/\/www.w3.org\/2000\/svg\" viewBox=\"0 0 24 24\" width=\"24\" height=\"24\" aria-hidden=\"true\" focusable=\"false\"><path d=\"m13.06 12 6.47-6.47-1.06-1.06L12 10.94 5.53 4.47 4.47 5.53 10.94 12l-6.47 6.47 1.06 1.06L12 13.06l6.47 6.47 1.06-1.06L13.06 12Z\"><\/path><\/svg><\/button>\n\t\t\t\t\t\t\t<div class=\"wp-block-navigation__responsive-container-content\" \n\t\t\t\tdata-wp-watch=\"callbacks.focusFirstElement\"\n\t\t\t id=\"modal-1-content\">\n\t\t\t\t\t\t\t\t<ul class=\"wp-block-navigation__container is-responsive  is-vertical wp-block-navigation\"><li class=\" wp-block-navigation-item wp-block-navigation-link\"><a class=\"wp-block-navigation-item__content\"  href=\"https:\/\/turanturan.com.tr\/en\/low-back-pain\/\"><span class=\"wp-block-navigation-item__label\">\u279d Low Back Pain<\/span><\/a><\/li><li class=\" wp-block-navigation-item wp-block-navigation-link\"><a class=\"wp-block-navigation-item__content\"  href=\"https:\/\/turanturan.com.tr\/en\/elbow-pain\/\"><span class=\"wp-block-navigation-item__label\">\u279d Elbow Pain<\/span><\/a><\/li><li class=\" wp-block-navigation-item wp-block-navigation-link\"><a class=\"wp-block-navigation-item__content\"  href=\"https:\/\/turanturan.com.tr\/en\/hip-pain\/\"><span class=\"wp-block-navigation-item__label\">\u279d Hip Pain<\/span><\/a><\/li><li class=\" wp-block-navigation-item wp-block-navigation-link\"><a class=\"wp-block-navigation-item__content\"  href=\"https:\/\/turanturan.com.tr\/en\/shoulder-pain\/\"><span class=\"wp-block-navigation-item__label\">\u279d Shoulder Pain<\/span><\/a><\/li><li class=\" wp-block-navigation-item wp-block-navigation-link\"><a class=\"wp-block-navigation-item__content\"  href=\"https:\/\/turanturan.com.tr\/en\/knee-pain\/\"><span class=\"wp-block-navigation-item__label\">\u279d Knee Pain<\/span><\/a><\/li><li class=\" wp-block-navigation-item wp-block-navigation-link\"><a class=\"wp-block-navigation-item__content\"  href=\"https:\/\/turanturan.com.tr\/en\/hand-wrist-pain\/\"><span class=\"wp-block-navigation-item__label\">\u279d Hand-Wrist Pain<\/span><\/a><\/li><li class=\" wp-block-navigation-item wp-block-navigation-link\"><a class=\"wp-block-navigation-item__content\"  href=\"https:\/\/turanturan.com.tr\/en\/back-pain\/\"><span class=\"wp-block-navigation-item__label\">\u279d Back Pain<\/span><\/a><\/li><li class=\" wp-block-navigation-item wp-block-navigation-link\"><a class=\"wp-block-navigation-item__content\"  href=\"https:\/\/turanturan.com.tr\/en\/neck-pain\/\"><span class=\"wp-block-navigation-item__label\">\u279d Neck Pain<\/span><\/a><\/li><li class=\" wp-block-navigation-item wp-block-navigation-link\"><a class=\"wp-block-navigation-item__content\"  href=\"https:\/\/turanturan.com.tr\/en\/foot-and-ankle-pain\/\"><span class=\"wp-block-navigation-item__label\">\u279d Foot &amp; Ankle Pain<\/span><\/a><\/li><\/ul>\n\t\t\t\t\t\t\t<\/div>\n\t\t\t\t\t\t<\/div>\n\t\t\t\t\t<\/div>\n\t\t\t\t<\/div><\/nav><\/div>\n<\/div>\n<\/div>\n<\/div>\n","protected":false},"excerpt":{"rendered":"<p>Foot and Ankle Pain Foot and Ankle Pain Feet are the joints that directly bear the body\u2019s weight and act as shock absorbers by transferring this weight to the ground. During walking or running, the bones, muscles, joints, and ligaments that make up the foot must work together at proper angles to distribute body weight &#8230; <a title=\"Foot and Ankle Pain\" class=\"read-more\" href=\"https:\/\/turanturan.com.tr\/en\/foot-and-ankle-pain\/\" aria-label=\"Read more about Foot and Ankle Pain\">Read more<\/a><\/p>\n","protected":false},"author":2,"featured_media":0,"parent":0,"menu_order":77,"comment_status":"closed","ping_status":"closed","template":"","meta":{"footnotes":""},"class_list":["post-35180","page","type-page","status-publish"],"_links":{"self":[{"href":"https:\/\/turanturan.com.tr\/en\/wp-json\/wp\/v2\/pages\/35180","targetHints":{"allow":["GET"]}}],"collection":[{"href":"https:\/\/turanturan.com.tr\/en\/wp-json\/wp\/v2\/pages"}],"about":[{"href":"https:\/\/turanturan.com.tr\/en\/wp-json\/wp\/v2\/types\/page"}],"author":[{"embeddable":true,"href":"https:\/\/turanturan.com.tr\/en\/wp-json\/wp\/v2\/users\/2"}],"replies":[{"embeddable":true,"href":"https:\/\/turanturan.com.tr\/en\/wp-json\/wp\/v2\/comments?post=35180"}],"version-history":[{"count":4,"href":"https:\/\/turanturan.com.tr\/en\/wp-json\/wp\/v2\/pages\/35180\/revisions"}],"predecessor-version":[{"id":55858,"href":"https:\/\/turanturan.com.tr\/en\/wp-json\/wp\/v2\/pages\/35180\/revisions\/55858"}],"wp:attachment":[{"href":"https:\/\/turanturan.com.tr\/en\/wp-json\/wp\/v2\/media?parent=35180"}],"curies":[{"name":"wp","href":"https:\/\/api.w.org\/{rel}","templated":true}]}}