{"id":36111,"date":"2023-09-19T17:25:38","date_gmt":"2023-09-19T14:25:38","guid":{"rendered":"https:\/\/turanturan.com.tr\/treatments\/knee-osteoarthritis-treatment-in-turkey\/"},"modified":"2025-09-03T14:43:00","modified_gmt":"2025-09-03T11:43:00","slug":"knee-osteoarthritis-treatment-in-turkey","status":"publish","type":"page","link":"https:\/\/turanturan.com.tr\/en\/treatments\/knee-osteoarthritis-treatment-in-turkey\/","title":{"rendered":"Knee Osteoarthritis Treatment in Turkey"},"content":{"rendered":"\n<div>\n<div class=\"gb-element-2b151846\">\n<div>\n<h1 class=\"wp-block-heading has-text-color has-link-color wp-elements-967cbd75234bf7d5f05cb7f9e061d4fd\" style=\"color:#161616;font-size:25px\"><strong><strong><strong>Knee Osteoarthritis Treatment in Turkey<\/strong><\/strong><\/strong><\/h1>\n\n\n\n<p class=\"has-text-color has-link-color wp-elements-507e65d154180fef0a000e9d74211744\" style=\"color:#555555;font-size:16px\">Knee arthritis is most commonly seen with advancing age, but it can also develop at a younger age due to trauma or injury. It occurs when the cartilage in the knee joint gradually wears down or becomes damaged, leading to pain and limited mobility.<\/p>\n\n\n\n<p class=\"has-text-color has-link-color wp-elements-f81a97573f610aa2e90d1c057fa96182\" style=\"color:#555555;font-size:16px\">As the condition progresses, the structure of the knee may deteriorate further. This often results in symptoms such as chronic pain, swelling, stiffness, and difficulty with daily movements. Many individuals living with knee arthritis find it increasingly challenging to stay active or meet their daily needs.<\/p>\n\n\n\n<p class=\"has-text-color has-link-color wp-elements-7bbf79f7704fc6149a63f12008365cf7\" style=\"color:#555555;font-size:16px\">Fortunately, there are a variety of treatment options available to relieve pain and improve mobility in patients with knee arthritis. These include:<\/p>\n\n\n\n<ul style=\"color:#555555;font-size:16px\" class=\"wp-block-list has-text-color has-link-color wp-elements-ce028a445915d10372567451dbfae61f\">\n<li>Maintaining a healthy weight<\/li>\n\n\n\n<li>Medications<\/li>\n\n\n\n<li>Physical therapy and exercise<\/li>\n\n\n\n<li>Supportive devices such as canes or walkers<\/li>\n\n\n\n<li>Injection therapies<\/li>\n\n\n\n<li>Cryotherapy-based nerve blocks<\/li>\n<\/ul>\n\n\n\n<p class=\"has-text-color has-link-color wp-elements-f02b216bd272d0987cc284dd4753456b\" style=\"color:#555555;font-size:16px\">When these non-surgical treatments are no longer effective, surgical intervention may be recommended. One of the most advanced surgical options today is&nbsp;<strong>robotic-assisted knee replacement surgery<\/strong><strong>.<\/strong>&nbsp;This technology allows for the precise placement of knee implants, resulting in better alignment, reduced post-operative pain, and a faster recovery period.<\/p>\n\n\n\n<p class=\"has-text-color has-link-color wp-elements-926b1514d2c6bdf77e56ff4174fe5886\" style=\"color:#555555;font-size:16px\">If you\u2019re struggling with knee arthritis and want to return to a pain-free, active lifestyle, feel free to contact us to schedule a consultation. Our team is here to guide you through your treatment options and help you take the next step toward recovery.<\/p>\n<\/div>\n\n\n\n<div><style>\r\n  \/* wrapper *\/\r\n  .form-tedavi {\r\n    box-shadow: 0 26px 58px 0 rgba(0,0,0,.22), 0 5px 14px 0 rgba(0,0,0,.18);\r\n    border-radius: 23px;\r\n    background-color: #fff;\r\n    padding: 25px;\r\n    margin-left: 25px;\r\n  }\r\n  .form-tedavi h2 { margin-top: 15px; margin-bottom: 0; text-align: center; }\r\n  .form-tedavi hr { border: none; border-bottom: 7px solid #FFB76B; margin: 5px 14px 0; }\r\n  .form-tedavi p { margin: 25px 0 0 5px; }\r\n\r\n  \/* CF7 inputs inside the wrapper *\/\r\n  .form-tedavi .wpcf7-form .wpcf7-form-control { width: 100%; box-sizing: border-box; }\r\n  .form-tedavi .wpcf7 input[type=\"text\"],\r\n  .form-tedavi .wpcf7 input[type=\"tel\"],\r\n  .form-tedavi .wpcf7 input[type=\"email\"],\r\n  .form-tedavi .wpcf7 input[type=\"number\"],\r\n  .form-tedavi .wpcf7 textarea,\r\n  .form-tedavi .wpcf7 select {\r\n    border-radius: 15px;\r\n    border: 1px solid #eaeaea;\r\n    margin-bottom: 5px;\r\n    padding: 15px;\r\n  }\r\n  .form-tedavi .wpcf7 input[type=\"submit\"],\r\n  .form-tedavi .wpcf7 .wpcf7-submit {\r\n    background-color: #17449E;\r\n    color: #fff;\r\n    font-weight: 700;\r\n    border-radius: 15px;\r\n    border: 1px solid #17449E;\r\n    padding: 12px 16px;\r\n    cursor: pointer;\r\n    transition: all .2s ease;\r\n  }\r\n  .form-tedavi .wpcf7 input[type=\"submit\"]:hover,\r\n  .form-tedavi .wpcf7 .wpcf7-submit:hover {\r\n    background-color: #eaeaea;\r\n    color: #000;\r\n    border-color: #eaeaea;\r\n  }\r\n  .form-tedavi .wpcf7-response-output { margin-top: 12px; border-radius: 12px; }\r\n\r\n  \/* \u2705 Hide form after successful submit, keep CF7 message only *\/\r\n  .form-tedavi .wpcf7 form[data-status=\"sent\"] > *:not(.wpcf7-response-output) { display: none !important; }\r\n  .form-tedavi .wpcf7 form[data-status=\"sent\"] .wpcf7-response-output {\r\n    display: block; padding: 16px; text-align: center; font-weight: 600;\r\n  }\r\n\r\n  @media (max-width: 768px) { .form-tedavi { margin-left: 0; padding: 25px; } }\r\n<\/style>\r\n\r\n<div class=\"form-tedavi\">\r\n  <h2>Tell Us About Your Case \u2014 We\u2019ll Contact You<\/h2>\r\n  <hr \/>\r\n  <p id=\"customText\"><\/p>\r\n\r\n   \n<div class=\"wpcf7 no-js\" id=\"wpcf7-f52752-o1\" lang=\"tr-TR\" dir=\"ltr\" data-wpcf7-id=\"52752\">\n<div class=\"screen-reader-response\"><p role=\"status\" aria-live=\"polite\" aria-atomic=\"true\"><\/p> <ul><\/ul><\/div>\n<form action=\"\/en\/wp-json\/wp\/v2\/pages\/36111#wpcf7-f52752-o1\" method=\"post\" class=\"wpcf7-form init\" aria-label=\"\u0130leti\u015fim Formu\" novalidate=\"novalidate\" data-status=\"init\">\n<fieldset class=\"hidden-fields-container\"><input type=\"hidden\" name=\"_wpcf7\" value=\"52752\" \/><input type=\"hidden\" name=\"_wpcf7_version\" value=\"6.1.5\" \/><input type=\"hidden\" name=\"_wpcf7_locale\" value=\"tr_TR\" \/><input type=\"hidden\" name=\"_wpcf7_unit_tag\" value=\"wpcf7-f52752-o1\" \/><input type=\"hidden\" name=\"_wpcf7_container_post\" value=\"0\" \/><input type=\"hidden\" name=\"_wpcf7_posted_data_hash\" value=\"\" \/><input type=\"hidden\" name=\"_wpcf7_recaptcha_response\" value=\"\" \/>\n<\/fieldset>\n<input class=\"wpcf7-form-control wpcf7-hidden\" value=\"0jbJRoRK6rwG67dibD8SClNGrT6o3yGq4UaJmd7uDCKLBaRINM\" type=\"hidden\" name=\"token\" \/>\n<input class=\"wpcf7-form-control wpcf7-hidden\" value=\"add\" type=\"hidden\" name=\"method\" \/>\n<input class=\"wpcf7-form-control wpcf7-hidden\" value=\"tt-tedavi\" type=\"hidden\" name=\"page_title\" \/>\n<input class=\"wpcf7-form-control wpcf7-hidden\" id=\"page_url\" value=\"\" type=\"hidden\" name=\"page_url\" \/>\n<input class=\"wpcf7-form-control wpcf7-hidden\" id=\"referrer\" value=\"\" type=\"hidden\" name=\"referrer\" \/>\n<input class=\"wpcf7-form-control wpcf7-hidden\" id=\"source_id\" value=\"\" type=\"hidden\" name=\"source_id\" \/>\n<input class=\"wpcf7-form-control wpcf7-hidden\" value=\"\" type=\"hidden\" name=\"ip_address\" \/><!-- optional; your API can read IP from request -->\n<input class=\"wpcf7-form-control wpcf7-hidden\" value=\"\" type=\"hidden\" name=\"type\" \/><!-- if you need it -->\n<p><label> Name<br \/>\n<span class=\"wpcf7-form-control-wrap\" data-name=\"full_name\"><input size=\"40\" maxlength=\"400\" class=\"wpcf7-form-control wpcf7-text wpcf7-validates-as-required\" autocomplete=\"name\" aria-required=\"true\" aria-invalid=\"false\" value=\"\" type=\"text\" name=\"full_name\" \/><\/span><br \/>\n<\/label>\n<\/p>\n<p><label> Phone<br \/>\n<span class=\"wpcf7-form-control-wrap\" data-name=\"phone\"><input size=\"40\" maxlength=\"400\" class=\"wpcf7-form-control wpcf7-tel wpcf7-validates-as-required wpcf7-text wpcf7-validates-as-tel\" aria-required=\"true\" aria-invalid=\"false\" value=\"\" type=\"tel\" name=\"phone\" \/><\/span><br \/>\n<\/label>\n<\/p>\n<p><label> Age<br \/>\n<span class=\"wpcf7-form-control-wrap\" data-name=\"message\"><input class=\"wpcf7-form-control wpcf7-number wpcf7-validates-as-required wpcf7-validates-as-number\" min=\"0\" max=\"99\" aria-required=\"true\" aria-invalid=\"false\" value=\"\" type=\"number\" name=\"message\" \/><\/span> <!-- your API treats message as the age\/number --><br \/>\n<\/label>\n<\/p>\n<p><input class=\"wpcf7-form-control wpcf7-submit has-spinner\" type=\"submit\" value=\"Send\" \/>\n<\/p><p style=\"display: none !important;\" class=\"akismet-fields-container\" data-prefix=\"_wpcf7_ak_\"><label>&#916;<textarea name=\"_wpcf7_ak_hp_textarea\" cols=\"45\" rows=\"8\" maxlength=\"100\"><\/textarea><\/label><input type=\"hidden\" id=\"ak_js_1\" name=\"_wpcf7_ak_js\" value=\"141\"\/><script>\ndocument.getElementById( \"ak_js_1\" ).setAttribute( \"value\", ( new Date() ).getTime() );\n<\/script>\n<\/p><input type='hidden' class='wpcf7-pum' value='{\"closepopup\":false,\"closedelay\":0,\"openpopup\":false,\"openpopup_id\":0}' \/><div class=\"wpcf7-response-output\" aria-hidden=\"true\"><\/div>\n<\/form>\n<\/div>\n\r\n<\/div>\r\n\r\n<script>\r\n(function () {\r\n  \/\/ EN slugs \u2192 numeric IDs (kept from your list)\r\n  const treatments = [\r\n    { id: 36, url: \"en\/treatments\/scoliosis-treatment-in-turkey\" },\r\n    { id: 44, url: \"en\/treatments\/heel-spur-treatment-in-turkey\" },\r\n    { id: 39, url: \"en\/treatments\/lipedema-treatment-in-turkey\" },\r\n    { id: 38, url: \"en\/treatments\/knee-replacement-in-turkey\" },\r\n    { id: 37, url: \"en\/treatments\/disc-herniation-treatment-in-turkey\" },\r\n    { id: 40, url: \"en\/treatments\/wart-treatment-in-turkey\" },\r\n    { id: 45, url: \"en\/treatments\/knee-osteoarthritis-treatment-in-turkey\" },\r\n    { id: 44, url: \"en\/treatments\/flatfoot-treatment-in-turkey\" },\r\n    { id: 53, url: \"en\/treatments\/frozen-shoulder-treatment-in-turkey\" }\r\n  ];\r\n\r\n  function titleCase(s) {\r\n    return s.split(\" \")\r\n      .filter(Boolean)\r\n      .map(w => w.charAt(0).toUpperCase() + w.slice(1).toLowerCase())\r\n      .join(\" \");\r\n  }\r\n\r\n  function computeDesiredText(path) {\r\n    const parts = path.split(\"\/\").filter(Boolean);\r\n    const last = (parts[parts.length - 1] || \"\").replace(\/-\/g, \" \");\r\n    return titleCase(last);\r\n  }\r\n\r\n  function fillDynamicFields(formEl) {\r\n    const currentURL = window.location.href;\r\n    const path = new URL(currentURL).pathname;\r\n\r\n    \/\/ Dynamic intro text (EN)\r\n    const customText = document.getElementById(\"customText\");\r\n    if (customText) {\r\n      customText.textContent =\r\n        `If you\u2019re exploring options for ${computeDesiredText(path)}, our experienced team is ready to support you. ` +\r\n        `Leave your contact details and we\u2019ll reach out shortly with treatment options and next steps.`;\r\n    }\r\n\r\n    \/\/ Hidden fields that your CF7 form should include:\r\n    \/\/ [hidden page_url] [hidden referrer] [hidden current_page] [hidden source_id]\r\n    const setVal = (sel, val) => { const el = formEl.querySelector(sel); if (el) el.value = val; };\r\n    setVal('input[name=\"page_url\"]', currentURL);\r\n    setVal('input[name=\"referrer\"]', document.referrer || '');\r\n    setVal('input[name=\"current_page\"]', currentURL);\r\n\r\n    const pathname = path.replace(\/^\\\/|\\\/$\/g, \"\");\r\n    const match = treatments.find(t => pathname.includes(t.url));\r\n    if (match) setVal('input[name=\"source_id\"]', String(match.id));\r\n  }\r\n\r\n  document.addEventListener(\"DOMContentLoaded\", function () {\r\n    \/\/ Apply to the CF7 form inside this block\r\n    document.querySelectorAll(\".form-tedavi .wpcf7 form\").forEach(fillDynamicFields);\r\n  });\r\n\r\n  \/\/ Optional: custom success message\r\n  \/\/ document.addEventListener('wpcf7mailsent', function(e){\r\n  \/\/   const resp = e.target.querySelector('.wpcf7-response-output');\r\n  \/\/   if (resp) resp.textContent = \"Thanks! We\u2019ll contact you shortly.\";\r\n  \/\/ });\r\n})();\r\n<\/script>\r\n\n<\/div>\n<\/div>\n<\/div>\n\n\n\n<div class=\"gb-element-3267ea2f\">\n<h1 class=\"wp-block-heading has-text-color has-link-color wp-elements-df0e88c7c7a255fb9d9f17286784da6d\" style=\"color:#161616;font-size:25px\"><strong><strong><strong>Patient Reviews<\/strong><\/strong><\/strong><\/h1>\n\n\n\n<div class=\"gb-element-ae741d2c\">\n<div>\n<figure class=\"wp-block-embed is-type-video is-provider-youtube wp-block-embed-youtube wp-embed-aspect-16-9 wp-has-aspect-ratio\"><div class=\"wp-block-embed__wrapper\">\n<iframe title=\"\u015eevkat Han\u0131m (72) - Hikayesi: Omurilik Kanal Daralmas\u0131 Tedavisinde Robotik Cerrahi\" width=\"1200\" height=\"675\" src=\"https:\/\/www.youtube.com\/embed\/m6Obzt2kjB8?feature=oembed\" frameborder=\"0\" allow=\"accelerometer; autoplay; clipboard-write; encrypted-media; gyroscope; picture-in-picture; web-share\" referrerpolicy=\"strict-origin-when-cross-origin\" allowfullscreen><\/iframe>\n<\/div><\/figure>\n<\/div>\n\n\n\n<div>\n<figure class=\"wp-block-embed is-type-video is-provider-youtube wp-block-embed-youtube wp-embed-aspect-16-9 wp-has-aspect-ratio\"><div class=\"wp-block-embed__wrapper\">\n<iframe title=\"60 Derece Skolyoz 0&#039;a D\u00fc\u015ft\u00fc (Robotik Skolyoz Ameliyat\u0131), \u0130zleyin!\" width=\"1200\" height=\"675\" src=\"https:\/\/www.youtube.com\/embed\/tDVgEChNhvs?feature=oembed\" frameborder=\"0\" allow=\"accelerometer; autoplay; clipboard-write; encrypted-media; gyroscope; picture-in-picture; web-share\" referrerpolicy=\"strict-origin-when-cross-origin\" allowfullscreen><\/iframe>\n<\/div><\/figure>\n<\/div>\n\n\n\n<div>\n<figure class=\"wp-block-embed is-type-video is-provider-youtube wp-block-embed-youtube wp-embed-aspect-16-9 wp-has-aspect-ratio\"><div class=\"wp-block-embed__wrapper\">\n<iframe title=\"Tam Kapal\u0131 Bel F\u0131t\u0131\u011f\u0131 Ameliyat\u0131ndan 1 Saat Sonra, Zeki Bey Y\u00fcr\u00fcmeye Ba\u015flad\u0131!\" width=\"1200\" height=\"675\" src=\"https:\/\/www.youtube.com\/embed\/cpzv6wrRzBY?feature=oembed\" frameborder=\"0\" allow=\"accelerometer; autoplay; clipboard-write; encrypted-media; gyroscope; picture-in-picture; web-share\" referrerpolicy=\"strict-origin-when-cross-origin\" allowfullscreen><\/iframe>\n<\/div><\/figure>\n<\/div>\n<\/div>\n<\/div>\n\n\n\n<style>.inside-article {padding:20px !important;}<\/style>\n","protected":false},"excerpt":{"rendered":"<p>Knee Osteoarthritis Treatment in Turkey Knee arthritis is most commonly seen with advancing age, but it can also develop at a younger age due to trauma or injury. It occurs when the cartilage in the knee joint gradually wears down or becomes damaged, leading to pain and limited mobility. As the condition progresses, the structure &#8230; <a title=\"Knee Osteoarthritis Treatment in Turkey\" class=\"read-more\" href=\"https:\/\/turanturan.com.tr\/en\/treatments\/knee-osteoarthritis-treatment-in-turkey\/\" aria-label=\"Read more about Knee Osteoarthritis Treatment in Turkey\">Read more<\/a><\/p>\n","protected":false},"author":2,"featured_media":0,"parent":35941,"menu_order":29,"comment_status":"closed","ping_status":"closed","template":"","meta":{"footnotes":""},"class_list":["post-36111","page","type-page","status-publish"],"_links":{"self":[{"href":"https:\/\/turanturan.com.tr\/en\/wp-json\/wp\/v2\/pages\/36111","targetHints":{"allow":["GET"]}}],"collection":[{"href":"https:\/\/turanturan.com.tr\/en\/wp-json\/wp\/v2\/pages"}],"about":[{"href":"https:\/\/turanturan.com.tr\/en\/wp-json\/wp\/v2\/types\/page"}],"author":[{"embeddable":true,"href":"https:\/\/turanturan.com.tr\/en\/wp-json\/wp\/v2\/users\/2"}],"replies":[{"embeddable":true,"href":"https:\/\/turanturan.com.tr\/en\/wp-json\/wp\/v2\/comments?post=36111"}],"version-history":[{"count":3,"href":"https:\/\/turanturan.com.tr\/en\/wp-json\/wp\/v2\/pages\/36111\/revisions"}],"predecessor-version":[{"id":53933,"href":"https:\/\/turanturan.com.tr\/en\/wp-json\/wp\/v2\/pages\/36111\/revisions\/53933"}],"up":[{"embeddable":true,"href":"https:\/\/turanturan.com.tr\/en\/wp-json\/wp\/v2\/pages\/35941"}],"wp:attachment":[{"href":"https:\/\/turanturan.com.tr\/en\/wp-json\/wp\/v2\/media?parent=36111"}],"curies":[{"name":"wp","href":"https:\/\/api.w.org\/{rel}","templated":true}]}}