{"id":36935,"date":"2021-01-21T13:20:45","date_gmt":"2021-01-21T10:20:45","guid":{"rendered":"https:\/\/turanturan.com.tr\/?page_id=36935"},"modified":"2025-09-02T17:23:02","modified_gmt":"2025-09-02T14:23:02","slug":"gallery","status":"publish","type":"page","link":"https:\/\/turanturan.com.tr\/en\/gallery\/","title":{"rendered":"<span id=\"kirkalti\">Gallery<\/span>"},"content":{"rendered":"\n<div class=\"gb-element-d1c34ff6\" style=\"--inline-bg-image: url(https:\/\/turanturan.com.tr\/wp-content\/uploads\/2021\/03\/page-title.jpg)\">\n<div class=\"gb-element-11d46448\">\n<h1 class=\"gb-text gb-text-d50c1df1\">Gallery<\/h1>\n<\/div>\n<\/div>\n\n\n\n<div class=\"gb-element-07b013d8\">\n<div class=\"gb-element-3e304d5b\">\n<div class=\"gb-element-5098e13d\">\n<div>\n<img decoding=\"async\" class=\"gb-media-df8db5f2\" alt=\"turan turan \u00f6n desk\" src=\"https:\/\/turanturan.com.tr\/wp-content\/uploads\/8.-Sekreterya-1.jpg\"\/>\n<\/div>\n\n\n\n<div>\n<figure class=\"wp-block-image size-large\"><img decoding=\"async\" src=\"https:\/\/turanturan.com.tr\/wp-content\/uploads\/9.-Yildirim-FTR-1.jpg\" alt=\"y\u0131ld\u0131r\u0131m FTR\"\/><\/figure>\n<\/div>\n\n\n\n<div>\n<figure class=\"wp-block-image size-large\"><img decoding=\"async\" src=\"https:\/\/turanturan.com.tr\/wp-content\/uploads\/2.TT-Yildirim-giris-manipulasyon.jpg\" alt=\"y\u0131ld\u0131r\u0131m giri\u015f\"\/><\/figure>\n<\/div>\n<\/div>\n\n\n\n<div class=\"gb-element-14919309\">\n<div>\n<img decoding=\"async\" class=\"gb-media-036866d4\" alt=\"y\u0131ld\u0131r\u0131m bina\" src=\"https:\/\/turanturan.com.tr\/wp-content\/uploads\/1.-TT-Yildirim-Bina-1.jpg\"\/>\n<\/div>\n\n\n\n<div>\n<figure class=\"wp-block-image size-large\"><img decoding=\"async\" src=\"https:\/\/turanturan.com.tr\/wp-content\/uploads\/6.Rontgen.jpg\" alt=\"y\u0131ld\u0131r\u0131m r\u00f6ntgen\"\/><\/figure>\n<\/div>\n\n\n\n<div>\n<figure class=\"wp-block-image size-large\"><img decoding=\"async\" src=\"https:\/\/turanturan.com.tr\/wp-content\/uploads\/7.MRI_.jpg\" alt=\"mr g\u00f6r\u00fcnt\u00fcs\u00fc\"\/><\/figure>\n<\/div>\n<\/div>\n\n\n\n<div class=\"gb-element-08c7db0f\">\n<div>\n<img decoding=\"async\" class=\"gb-media-13c47f2b\" alt=\"hasta kar\u015f\u0131lama\" src=\"https:\/\/turanturan.com.tr\/wp-content\/uploads\/2021\/02\/DSC1197.jpg\"\/>\n<\/div>\n\n\n\n<div>\n<figure class=\"wp-block-image size-large\"><img decoding=\"async\" src=\"https:\/\/turanturan.com.tr\/wp-content\/uploads\/2021\/02\/turan-turan-cocuk-odasi.jpg\" alt=\"\u00e7ocuk odas\u0131\"\/><\/figure>\n<\/div>\n\n\n\n<div>\n<figure class=\"wp-block-image size-large\"><img decoding=\"async\" src=\"https:\/\/turanturan.com.tr\/wp-content\/uploads\/2021\/02\/FZT-Ecem.jpg\" alt=\"fizik tedavi\"\/><\/figure>\n<\/div>\n<\/div>\n\n\n\n<div class=\"gb-element-faecd546\">\n<div>\n<img decoding=\"async\" class=\"gb-media-c92378ed\" alt=\"kayhan turan bet\u00fcl turan\" src=\"https:\/\/turanturan.com.tr\/wp-content\/uploads\/2021\/01\/10.Dr-KTDr-BT-1.jpg\"\/>\n<\/div>\n\n\n\n<div>\n<figure class=\"wp-block-image size-large\"><img decoding=\"async\" src=\"https:\/\/turanturan.com.tr\/wp-content\/uploads\/tt-kayhan-turan.png\" alt=\"kayhan turan\"\/><\/figure>\n<\/div>\n\n\n\n<div>\n<figure class=\"wp-block-image size-large\"><img decoding=\"async\" src=\"https:\/\/turanturan.com.tr\/wp-content\/uploads\/tt-on-desk-3.png\" alt=\"tt kar\u015f\u0131lama\"\/><\/figure>\n<\/div>\n<\/div>\n\n\n\n<div class=\"gb-element-b987f2f5\">\n<div>\n<img decoding=\"async\" class=\"gb-media-f7bf9eb4\" alt=\"\u00f6n desk\" src=\"https:\/\/turanturan.com.tr\/wp-content\/uploads\/tt-on-desk.png\"\/>\n<\/div>\n\n\n\n<div>\n<figure class=\"wp-block-image size-large\"><img decoding=\"async\" src=\"https:\/\/turanturan.com.tr\/wp-content\/uploads\/tt-hastane-oda-11.png\" alt=\"hastane oda\"\/><\/figure>\n<\/div>\n\n\n\n<div>\n<figure class=\"wp-block-image size-large\"><img decoding=\"async\" src=\"https:\/\/turanturan.com.tr\/wp-content\/uploads\/tt-hastane-oda-9.png\" alt=\"hastane oda\"\/><\/figure>\n<\/div>\n<\/div>\n\n\n\n<div class=\"gb-element-c53408e8\">\n<div>\n<img decoding=\"async\" class=\"gb-media-967f1823\" alt=\"\u00e7ocuk odas\u0131\" src=\"https:\/\/turanturan.com.tr\/wp-content\/uploads\/tt-hastane-oda-6.png\"\/>\n<\/div>\n\n\n\n<div>\n<figure class=\"wp-block-image size-large\"><img decoding=\"async\" src=\"https:\/\/turanturan.com.tr\/wp-content\/uploads\/tt-hastane-oda-7.png\" alt=\"\u00e7ocuk odas\u0131\"\/><\/figure>\n<\/div>\n\n\n\n<div>\n<figure class=\"wp-block-image size-large\"><img decoding=\"async\" src=\"https:\/\/turanturan.com.tr\/wp-content\/uploads\/tt-hastane-oda-4.png\" alt=\"hastane oda\"\/><\/figure>\n<\/div>\n<\/div>\n\n\n\n<div class=\"gb-element-c04181fd\">\n<div>\n<img decoding=\"async\" class=\"gb-media-d657ccac\" alt=\"fizyoterapi alan\u0131\" src=\"https:\/\/turanturan.com.tr\/wp-content\/uploads\/tt-fizyoterapi-odasi.png\"\/>\n<\/div>\n\n\n\n<div>\n<figure class=\"wp-block-image size-large\"><img decoding=\"async\" src=\"https:\/\/turanturan.com.tr\/wp-content\/uploads\/tt-cihaz.png\" alt=\"cihaz\"\/><\/figure>\n<\/div>\n\n\n\n<div>\n<figure class=\"wp-block-image size-large\"><img decoding=\"async\" src=\"https:\/\/turanturan.com.tr\/wp-content\/uploads\/tt-hastane-oda-1.png\" alt=\"hastane oda g\u00f6rseli\"\/><\/figure>\n<\/div>\n<\/div>\n\n\n\n<div class=\"gb-element-3fb3502b\">\n<div>\n<img decoding=\"async\" class=\"gb-media-e198a84d\" alt=\"refakat\u00e7i alan\u0131\" src=\"https:\/\/turanturan.com.tr\/wp-content\/uploads\/tt-hastane-oda.png\"\/>\n<\/div>\n\n\n\n<div>\n<figure class=\"wp-block-image size-large\"><img decoding=\"async\" src=\"https:\/\/turanturan.com.tr\/wp-content\/uploads\/tt-hastane-koridor.png\" alt=\"hastane koridor\"\/><\/figure>\n<\/div>\n\n\n\n<div>\n<figure class=\"wp-block-image size-large\"><img decoding=\"async\" src=\"https:\/\/turanturan.com.tr\/wp-content\/uploads\/tt-hasta-hizmetleri-3.png\" alt=\"hasta hizmetleri\"\/><\/figure>\n<\/div>\n<\/div>\n\n\n\n<div class=\"gb-element-73be95f9\">\n<div>\n<img decoding=\"async\" class=\"gb-media-66ed9510\" alt=\"fizyoterapi alan\u0131\" src=\"https:\/\/turanturan.com.tr\/wp-content\/uploads\/tt-fizyoterapi-odasi-1.png\"\/>\n<\/div>\n\n\n\n<div>\n<figure class=\"wp-block-image size-large\"><img decoding=\"async\" src=\"https:\/\/turanturan.com.tr\/wp-content\/uploads\/tt-ameliyathane-3.png\" alt=\"ameliyathane\"\/><\/figure>\n<\/div>\n\n\n\n<div>\n<figure class=\"wp-block-image size-large\"><img decoding=\"async\" src=\"https:\/\/turanturan.com.tr\/wp-content\/uploads\/tt-ameliyathane-2.png\" alt=\"ameliyathane ameliyat g\u00f6r\u00fcnt\u00fcs\u00fc\"\/><\/figure>\n<\/div>\n<\/div>\n\n\n\n<div class=\"gb-element-5241045b\">\n<div>\n<img decoding=\"async\" class=\"gb-media-f46423d2\" alt=\"ameliyathane g\u00f6r\u00fcnt\u00fc\" src=\"https:\/\/turanturan.com.tr\/wp-content\/uploads\/tt-ameliyathane.png\"\/>\n<\/div>\n\n\n\n<div>\n<figure class=\"wp-block-image size-large\"><img decoding=\"async\" src=\"https:\/\/turanturan.com.tr\/wp-content\/uploads\/tt-ameliyathane-1.png\" alt=\"ameliyathane inceleme\"\/><\/figure>\n<\/div>\n\n\n\n<div>\n<figure class=\"wp-block-image size-large\"><img decoding=\"async\" src=\"https:\/\/turanturan.com.tr\/wp-content\/uploads\/tt-ameliyathane-6.png\" alt=\"ameliyathane\"\/><\/figure>\n<\/div>\n<\/div>\n<\/div>\n<\/div>\n","protected":false},"excerpt":{"rendered":"<p>Gallery<\/p>\n","protected":false},"author":2,"featured_media":0,"parent":0,"menu_order":112,"comment_status":"closed","ping_status":"closed","template":"","meta":{"footnotes":""},"class_list":["post-36935","page","type-page","status-publish"],"_links":{"self":[{"href":"https:\/\/turanturan.com.tr\/en\/wp-json\/wp\/v2\/pages\/36935","targetHints":{"allow":["GET"]}}],"collection":[{"href":"https:\/\/turanturan.com.tr\/en\/wp-json\/wp\/v2\/pages"}],"about":[{"href":"https:\/\/turanturan.com.tr\/en\/wp-json\/wp\/v2\/types\/page"}],"author":[{"embeddable":true,"href":"https:\/\/turanturan.com.tr\/en\/wp-json\/wp\/v2\/users\/2"}],"replies":[{"embeddable":true,"href":"https:\/\/turanturan.com.tr\/en\/wp-json\/wp\/v2\/comments?post=36935"}],"version-history":[{"count":2,"href":"https:\/\/turanturan.com.tr\/en\/wp-json\/wp\/v2\/pages\/36935\/revisions"}],"predecessor-version":[{"id":53965,"href":"https:\/\/turanturan.com.tr\/en\/wp-json\/wp\/v2\/pages\/36935\/revisions\/53965"}],"wp:attachment":[{"href":"https:\/\/turanturan.com.tr\/en\/wp-json\/wp\/v2\/media?parent=36935"}],"curies":[{"name":"wp","href":"https:\/\/api.w.org\/{rel}","templated":true}]}}