{"id":54582,"date":"2022-04-07T12:40:01","date_gmt":"2022-04-07T09:40:01","guid":{"rendered":"https:\/\/turanturan.com.tr\/?page_id=54582"},"modified":"2025-10-22T17:19:40","modified_gmt":"2025-10-22T14:19:40","slug":"ana-sayfa","status":"publish","type":"page","link":"https:\/\/turanturan.com.tr\/fr\/","title":{"rendered":"Page d&rsquo;accueil"},"content":{"rendered":"\n<div class=\"gb-element-a8c00d2b\">\n<div class=\"carousel\" data-flickity=\"{ &amp;quot;cellAlign&amp;quot;: &amp;quot;left&amp;quot;, &amp;quot;contain&amp;quot;: true, &amp;quot;groupCells&amp;quot;: true, &amp;quot;wrapAround&amp;quot;: false }\">\n<div class=\"carousel-cell gb-element-2dad2626\">\n<div class=\"gb-element-5218f295\">\n<div class=\"gb-element-ab95805b\">\n<p class=\"gb-text gb-text-f27858e6\">Chirurgie robotique de<br>la colonne vert\u00e9brale <br>avec une pr\u00e9cision <br>millim\u00e9trique<\/p>\n\n\n\n<p class=\"gb-text gb-text-a7fa330d\">Retrouvez votre qualit\u00e9 de vie gr\u00e2ce \u00e0 la <br>technologie robotique, qui offre moins de <br>l\u00e9sions tissulaires, une gu\u00e9rison rapide et<br>des r\u00e9sultats pr\u00e9visibles.<\/p>\n\n\n\n<p class=\"gb-text gb-text-83f13782\">Daha az doku hasar\u0131, h\u0131zl\u0131 iyile\u015fme ve \u00f6ng\u00f6r\u00fclebilir sonu\u00e7lar sunan robotik teknoloji ile hayat kalitenizi geri kazan\u0131n.<\/p>\n<\/div>\n<\/div>\n<\/div>\n\n\n\n<div class=\"carousel-cell gb-element-52055c08\">\n<div class=\"gb-element-810f6aba\">\n<div class=\"gb-element-6ec7007d\">\n<div class=\"gb-element-cdcf13bd\">\n<p class=\"gb-text gb-text-1f9a0d3c\">25+ Y\u0131l<\/p>\n\n\n\n<p class=\"gb-text gb-text-732be48e\"><strong>Kemik, kas, eklem sa\u011fl\u0131\u011f\u0131nda<\/strong><br>\n  <strong>sizlerle birlikteyiz.<\/strong>\n<\/p>\n\n\n\n<p class=\"gb-text gb-text-7fff2729\">A\u011fr\u0131s\u0131z, hareketli ve \u00f6zg\u00fcr bir ya\u015fam i\u00e7in&#8230;<\/p>\n<\/div>\n\n\n\n<div class=\"gb-element-3f241830\">\n<p class=\"gb-text gb-text-4a6c9879\">25 ans<\/p>\n\n\n\n<p class=\"gb-text gb-text-4ed8be30\">Nous sommes \u00e0 vos c\u00f4t\u00e9s pour la sant\u00e9 de vos os, muscles et articulations<\/p>\n\n\n\n<p class=\"gb-text gb-text-86deb9a2\">Pour une vie sans douleur, active et libre&#8230;<\/p>\n<\/div>\n<\/div>\n<\/div>\n<\/div>\n<\/div>\n\n\n\n<div class=\"gb-element-49ee31a4\">\n<div class=\"gb-element-24f4e984\">\n<div class=\"gb-element-170e4abe\">\n<div class=\"gb-element-4c1d2985\">\n<h3 class=\"gb-text gb-text-a142fd73\">TURAN&amp;TURAN<\/h3>\n\n\n\n<p class=\"gb-text gb-text-cb4cf757\">&nbsp;TURAN &amp; TURAN est un groupe de sant\u00e9 sp\u00e9cialis\u00e9 dans la sant\u00e9 des os, des muscles et des articulations.<br>Nos chirurgiens orthop\u00e9distes travaillent main dans la main avec des sp\u00e9cialistes en physioth\u00e9rapie et en r\u00e9\u00e9ducation. Gr\u00e2ce \u00e0 de nombreuses ann\u00e9es d\u2019exp\u00e9rience dans ce domaine, nous continuons \u00e0 offrir \u00e0 nos patients les options de traitement les plus modernes,<br>en nous appuyant sur une approche m\u00e9dicale contemporaine qui allie sp\u00e9cialisation et expertise<\/p>\n<\/div>\n\n\n\n<div class=\"gb-element-a4abbeb9\">\n<h3 class=\"gb-text gb-text-95072301\"><strong>Sant\u00e9 des os, des muscles et des articulations<\/strong><\/h3>\n\n\n\n<p class=\"gb-text gb-text-2336418c\">Nous vous proposons un ensemble complet de traitements chirurgicaux et non chirurgicaux pour les pathologies des os, des muscles et des articulations,<br>gr\u00e2ce \u00e0 une infrastructure m\u00e9dicale moderne et des technologies de pointe, et avec le soutien de notre \u00e9quipe sp\u00e9cialis\u00e9e. Dans nos services de sant\u00e9 musculosquelettique,<br>nous sommes toujours \u00e0 vos c\u00f4t\u00e9s avec une \u00e9quipe attentionn\u00e9e et professionnelle.<br><\/p>\n<\/div>\n<\/div>\n<\/div>\n<\/div>\n<\/div>\n\n\n\n<div class=\"gb-element-85785990\">\n<div class=\"gb-element-7b723038\">\n<p class=\"gb-text gb-text-236e113e\">Notre \u00e9quipe<\/p>\n\n\n\n<img decoding=\"async\" width=\"2560\" height=\"1009\" class=\"gb-media-46ab5faf\" alt=\"\" src=\"https:\/\/turanturan.com.tr\/wp-content\/uploads\/turanturan-2025-doktorlarimiz.jpg\" srcset=\"https:\/\/turanturan.com.tr\/wp-content\/uploads\/turanturan-2025-doktorlarimiz.jpg 2560w, https:\/\/turanturan.com.tr\/wp-content\/uploads\/turanturan-2025-doktorlarimiz-300x118.jpg 300w, https:\/\/turanturan.com.tr\/wp-content\/uploads\/turanturan-2025-doktorlarimiz-1024x404.jpg 1024w, https:\/\/turanturan.com.tr\/wp-content\/uploads\/turanturan-2025-doktorlarimiz-150x59.jpg 150w, https:\/\/turanturan.com.tr\/wp-content\/uploads\/turanturan-2025-doktorlarimiz-768x303.jpg 768w, https:\/\/turanturan.com.tr\/wp-content\/uploads\/turanturan-2025-doktorlarimiz-1536x605.jpg 1536w, https:\/\/turanturan.com.tr\/wp-content\/uploads\/turanturan-2025-doktorlarimiz-2048x807.jpg 2048w, https:\/\/turanturan.com.tr\/wp-content\/uploads\/turanturan-2025-doktorlarimiz-1500x590.jpg 1500w\" sizes=\"(max-width: 2560px) 100vw, 2560px\" \/>\n<\/div>\n<\/div>\n\n\n\n<div class=\"gb-element-de48169c\">\n<div class=\"gb-element-a993576f\">\n<div class=\"gb-element-c91321a3\">\n<div class=\"gb-element-1614e5cc\">\n<div class=\"gb-element-12b2fc7f\">\n<p class=\"gb-text gb-text-b8ce7adc\"><strong>Nouvelle \u00e8re avec la chirurgie robotique de la colonne vert\u00e9brale<\/strong><\/p>\n\n\n\n<p class=\"gb-text gb-text-4e7eafe7\">&nbsp;Bonne nouvelle pour ceux qui disent : \u00ab J\u2019ai \u00e9vit\u00e9 la chirurgie de la colonne pendant des ann\u00e9es ! \u00bb<br>Avec la chirurgie robotique du rachis, nous combinons les technologies m\u00e9dicales les plus avanc\u00e9es, les normes de s\u00e9curit\u00e9 les plus strictes et des interventions aux r\u00e9sultats pr\u00e9visibles.<\/p>\n<\/div>\n\n\n\n<div class=\"gb-element-14717c9f\">\n<p class=\"gb-text gb-text-8632a035\"><strong>Traitement des verrues par micro-ondes de nouvelle g\u00e9n\u00e9ration<\/strong><\/p>\n\n\n\n<p class=\"gb-text gb-text-7362de9f\">&nbsp;Un taux de succ\u00e8s \u00e9lev\u00e9 et des r\u00e9sultats durables dans le traitement des verrues sur les mains et les pieds gr\u00e2ce \u00e0 la technologie moderne des micro-ondes.<\/p>\n<\/div>\n\n\n\n<div class=\"gb-element-e22000aa\">\n<p class=\"gb-text gb-text-abf0167f\"><strong>Nouvelle solution pour l\u2019hallux valgus (oignon du pied)<\/strong><\/p>\n\n\n\n<p class=\"gb-text gb-text-b32f9b8b\">&nbsp;Une m\u00e9thode chirurgicale innovante pour traiter le probl\u00e8me \u00e0 la racine avec une r\u00e9cup\u00e9ration plus rapide et des r\u00e9sultats efficaces.<\/p>\n<\/div>\n<\/div>\n\n\n\n<div class=\"gb-element-710952ab\" style=\"--inline-bg-image: url(https:\/\/turanturan.com.tr\/wp-content\/uploads\/valla-bu-son.jpg)\">\n<img decoding=\"async\" class=\"gb-media-5b1e4d28\" alt=\"\" src=\"https:\/\/turanturan.com.tr\/wp-content\/uploads\/valla-bu-son.jpg\"\/>\n<\/div>\n<\/div>\n<\/div>\n<\/div>\n\n\n\n<div class=\"gb-element-1fbf87d2\">\n<style>\n    \/* CSS Stilleri *\/\n   .mediz-footer-back-to-top-button {\n  display:none;\n}\n#scrollTopBtn{display:none !important}\n\/* 1) Daire i\u00e7i hizalama ve ta\u015fmay\u0131 engelleme *\/\n\/* PATCH \u2014 ikon ve alt yaz\u0131 davran\u0131\u015f\u0131 *\/\n.buttons{\n  display: flex;                 \/* ikonu merkeze al *\/\n  align-items: center;\n  justify-content: center;\n  overflow: visible !important;  \/* alt yaz\u0131 k\u0131rp\u0131lmas\u0131n *\/\n  line-height: 1;\npadding:0;\nbackground-color:white;\n}\n\n\/* \u0130kon daire i\u00e7inde merkezde kals\u0131n *\/\n.buttons .button-logo,\n.buttons .button-logo1,\n.buttons .button-logo2,\n.buttons .button-logo3,\n.buttons .button-logo4,\n.buttons .button-logo5{\n  width: 100%;\n  height: 100%;\n  margin: 0;\n  border-radius: 50%;\n  background-position: center;\n  background-repeat: no-repeat;\n  \/* alternatif: background-size: contain; *\/\n}\n\n\/* A\u00e7\u0131klama: ikonun ALTINDA, butona g\u00f6re konumlu *\/\n.buttons .button-description{\n  position: absolute;            \/* buton referans al\u0131n\u0131r *\/\n  top: 64px;                     \/* dairenin alt\u0131na indir *\/\n  left: 50%;\n  transform: translateX(-50%);\n  width: 96px;                   \/* metin ta\u015fmas\u0131n *\/\n  font-size: 12px;\n  font-weight: 600;\n  line-height: 1.1;\n  color: #fff;\n  text-align: center;\n  pointer-events: none;\n  z-index: 5;                    \/* overlay\u2019in \u00fcst\u00fcnde kals\u0131n *\/\n  text-shadow: 0 1px 2px rgba(0,0,0,.35);\n}\n\n@media (max-width: 480px){\n  .buttons .button-description{\n    top: 60px;\n    width: 88px;\n    font-size: 11px;\n  }\n}\n    #showButtons {\n      position: fixed;\n      bottom: 16px;\n      left: 50%;\n      border: 1px solid #eaeaea;\n      transform: translateX(-50%);\n      box-shadow: rgba(0, 0, 0, 0.25) 0px 0.0625em 0.0625em, rgba(0, 0, 0, 0.25) 0px 0.125em 0.5em, rgba(255, 255, 0, 0.1) 0px 0px 0px 1px inset;\n      width: 56px;\n      height: 56px;\n      border-radius: 50%;\n      background-image: url('http:\/\/turanturan.com.tr\/wp-content\/uploads\/anabutton.png');\n      background-position: center;\n      background-repeat: no-repeat;\n      cursor: pointer;\n      z-index: 999;\n      transition: bottom 0.5s ease;\n      background-size: cover;\n      animation: wave 1s infinite alternate;\n      background-color:white;\n    }\n\n    #backgroundOverlay {\n      position: fixed;\n      bottom: 0; \/* Butonlar\u0131n en alt\u0131na gelecek \u015fekilde de\u011fi\u015ftirildi *\/\n      left: 50%;\n      transform: translateX(-50%);\n      width: 500px;\n      height: 325px;\n      box-shadow: 0 0 15px -3px #03374a;\n      background: #28485E;\n      z-index: 0;\n      opacity: 0;\n      transition: opacity 0.5s;\n      pointer-events: none;\n      border-radius: 100% 100% 0 0 \/ 14% 14% 0 0;     \n    }\n    @keyframes wave {\n      0% {\n        bottom: 20px;\n      }\n\n      100% {\n        bottom: 30px;\n        \/* De\u011fi\u015fiklik yaparak dalgalanma miktar\u0131n\u0131 ayarlayabilirsiniz *\/\n      }\n    }\n    .buttons-container {\n      position: fixed;\n      bottom: 50px; \/* Arka plan\u0131n \u00fczerinde, ancak butonlar\u0131n alt\u0131nda olacak \u015fekilde de\u011fi\u015ftirildi *\/\n      left: 50%;\n      transform: translateX(-50%);\n      z-index: 3;\n      opacity: 0;\n      transition: opacity 0.5s;\n      margin-bottom: 120px;\n      margin-left: -35px;\n    }\n\n    .buttons {\n      margin: 10px;\n      width: 56px;\n      height: 56px;\n      border-radius: 50%;\n      border: none;\n      cursor: pointer;\n      text-align: center;\n      display: inline-block;\n      box-shadow: rgba(0, 0, 0, 0.25) 0px 0.0625em 0.0625em, rgba(0, 0, 0, 0.25) 0px 0.125em 0.5em, rgba(255, 255, 0, 0.1) 0px 0px 0px 1px inset;\n      position: absolute;\n      line-height: 50px;\n      transition: transform 0.5s;\n    }\n\n    .button-logo {\n      width: 55px;\n      height: 50px;\n      border-radius: 50%;\n      background-image: url('https:\/\/turanturan.com.tr\/wp-content\/uploads\/halluks-valgus-icon.png');\n      background-position: center;\n      background-repeat: no-repeat;\n      margin-bottom: 5px;\n      background-size: cover;\n    }\n    .button-logo1 {\n      width: 55px;\n      height: 50px;\n      border-radius: 50%;\n      background-image: url('http:\/\/turanturan.com.tr\/wp-content\/uploads\/skolyoz.png');\n      background-position: center;\n      background-repeat: no-repeat;\n      margin-bottom: 5px;\n      background-size: cover;\n    }\n    .button-logo2 {\n      width: 55px;\n      height: 50px;\n      border-radius: 50%;\n      background-image: url('http:\/\/turanturan.com.tr\/wp-content\/uploads\/belfitigi.png');\n      background-position: center;\n      background-repeat: no-repeat;\n      margin-bottom: 5px;\n      background-size: cover;\n    }\n    .button-logo3 {\n      width: 55px;\n      height: 50px;\n      border-radius: 50%;\n      background-image: url('http:\/\/turanturan.com.tr\/wp-content\/uploads\/darkanal.png');\n      background-position: center;\n      background-repeat: no-repeat;\n      margin-bottom: 5px;\n      background-size: cover;\n    }\n    .button-logo4 {\n      width: 55px;\n      height: 50px;\n      border-radius: 50%;\n      background-image: url('http:\/\/turanturan.com.tr\/wp-content\/uploads\/sigil1.png');\n      background-position: center;\n      background-repeat: no-repeat;\n      margin-bottom: 0px;\n      background-size: cover;\n    }\n    .button-logo5 {\n      width: 55px;\n      height: 50px;\n      border-radius: 50%;\n      background-image: url('https:\/\/turanturan.com.tr\/wp-content\/uploads\/robotik-diz-icon.png');\n      background-position: center;\n      background-repeat: no-repeat;\n      margin-bottom: 5px;\n      background-size: cover;\n    }\n    .button-description {\n      position: fixed;\n      top: 60px;\n      left: 50%;\n      line-height: 1;\n      transform: translateX(-50%);\n      font-size: 12px;\n      font-weight: 600;\n      width: 70px;\n      color: white;\n    }\n\n    .buttons.show-buttons {\n      opacity: 1;\n    }\n#tedavilerimizText {\n  position: fixed;\n  bottom: 8px; \/* Adjust based on where you want the text to appear *\/\n  left: 50%;\n  transform: translateX(-50%);\n  font-size: 14px;\n  color: #fff;\n  text-align: center;\n  z-index: 999;\n  font-weight: bold;\n  opacity: 0; \/* Initially hidden *\/\n  transition: opacity 0.5s ease; \/* Smooth transition for showing and hiding *\/\n}\n\n  <\/style>\n<button id=\"showButtons\"><\/button>\n<div id=\"tedavilerimizText\">Tedavilerimiz<\/div>\n    <div id=\"backgroundOverlay\"><\/div>\n    <div class=\"buttons-container\">\n      <button class=\"buttons\" data-link=\"https:\/\/turanturan.com.tr\/blog\/kapali-ayak-ameliyati-perkutan-yontem\/\">\n        <div class=\"button-logo\"><\/div>\n        <div class=\"button-description\">Kapal\u0131 Halluks Valgus<\/div>\n      <\/button>\n      <button class=\"buttons\" data-link=\"https:\/\/turanturan.com.tr\/blog\/robotik-skolyoz-ameliyati\/\">\n        <div class=\"button-logo1\"><\/div>\n        <div class=\"button-description\">Robotik Skolyoz <\/div>\n      <\/button>\n      <button class=\"buttons\" data-link=\"https:\/\/turanturan.com.tr\/blog\/kapali-bel-fitigi-ameliyati\/\">\n        <div class=\"button-logo2\"><\/div>\n        <div class=\"button-description\"> Kapal\u0131 Bel F\u0131t\u0131\u011f\u0131 <\/div>\n      <\/button>\n         <button class=\"buttons\" data-link=\"https:\/\/turanturan.com.tr\/tedaviler\/dar-kanal-tedavisi-bursa\/\">\n        <div class=\"button-logo3\"><\/div>\n        <div class=\"button-description\">Robotik Dar Kanal<\/div>\n      <\/button>\n      <button class=\"buttons\" data-link=\"https:\/\/turanturan.com.tr\/tedaviler\/sigil-tedavisi-bursa\/\">\n        <div class=\"button-logo4\"><\/div>\n        <div class=\"button-description\">Si\u011fil<\/div>\n      <\/button>\n      <button class=\"buttons\" data-link=\"https:\/\/turanturan.com.tr\/tedaviler\/diz-protezi-tedavisi-bursa\/\">\n        <div class=\"button-logo5\"><\/div>\n        <div class=\"button-description\">Robotik Diz Protezi <\/div>\n      <\/button>\n    <\/div>\n\n  <script>\nvar tedavilerimizText = document.getElementById(\"tedavilerimizText\");\n\n    var showButton = document.getElementById(\"showButtons\");\n    var backgroundOverlay = document.getElementById(\"backgroundOverlay\");\n    var buttonsContainer = document.querySelector(\".buttons-container\");\n    var buttons = document.querySelectorAll(\".buttons\");\n    var isOpen = false;\n    var newLogoURL = \"http:\/\/turanturan.com.tr\/wp-content\/uploads\/offclick1.png\";\n\n\n    showButton.addEventListener(\"click\", function() {\n  if (!isOpen) {\n    backgroundOverlay.style.opacity = '0.86';\n    backgroundOverlay.style.pointerEvents = 'auto';\n    buttonsContainer.style.opacity = '1';\n    showButton.style.animation = 'none';\n    showButton.style.bottom = '80px';\n    showButton.style.backgroundImage = 'url(' + newLogoURL + ')';\ntedavilerimizText.style.opacity = '1';\n    for (var i = 0; i < buttons.length; i++) {\n      var angle = (i \/ (buttons.length - 1)) * Math.PI - Math.PI\/1;\n      var radius = 140;\n      var x = radius * Math.cos(angle);\n      var y = radius * Math.sin(angle);\n      buttons[i].style.transform = \"translate(\" + x + \"px,\" + y + \"px)\";\n      buttons[i].style.pointerEvents = 'auto';\n    }\n    isOpen = true;\n  } else {\n    backgroundOverlay.style.opacity = '0';\n    backgroundOverlay.style.pointerEvents = 'none';\n    buttonsContainer.style.opacity = '0';\n    showButton.style.animation = 'wave 1s infinite alternate';\n    showButton.style.bottom = '10px';\n\n    showButton.style.backgroundImage = 'url(\"http:\/\/turanturan.com.tr\/wp-content\/uploads\/anabutton.png\")';\n    showButton.style.boxShadow = 'rgba(0, 0, 0, 0.25) 0px 0.0625em 0.0625em, rgba(0, 0, 0, 0.25) 0px 0.125em 0.5em, rgba(255, 255, 0, 0.1) 0px 0px 0px 1px inset';\ntedavilerimizText.style.opacity = '0';\n    for (var i = 0; i < buttons.length; i++) {\n      buttons[i].style.transform = \"translate(0px, 0px)\";\n      buttons[i].style.pointerEvents = 'none';\n    }\n    isOpen = false;\n  }\n});\n\n\n    for (var i = 0; i < buttons.length; i++) {\n      buttons[i].addEventListener(\"click\", function() {\n        var link = this.getAttribute(\"data-link\");\n        window.open(link, '_blank');\n      });\n      buttons[i].style.pointerEvents = 'none';\n    }\n  <\/script>\n<\/div>\n","protected":false},"excerpt":{"rendered":"<p>Chirurgie robotique dela colonne vert\u00e9brale avec une pr\u00e9cision millim\u00e9trique Retrouvez votre qualit\u00e9 de vie gr\u00e2ce \u00e0 la technologie robotique, qui offre moins de l\u00e9sions tissulaires, une gu\u00e9rison rapide etdes r\u00e9sultats pr\u00e9visibles. Daha az doku hasar\u0131, h\u0131zl\u0131 iyile\u015fme ve \u00f6ng\u00f6r\u00fclebilir sonu\u00e7lar sunan robotik teknoloji ile hayat kalitenizi geri kazan\u0131n. 25+ Y\u0131l Kemik, kas, eklem sa\u011fl\u0131\u011f\u0131nda sizlerle &#8230; <a title=\"Page d&rsquo;accueil\" class=\"read-more\" href=\"https:\/\/turanturan.com.tr\/fr\/\" aria-label=\"En savoir plus sur Page d&rsquo;accueil\">Lire plus<\/a><\/p>\n","protected":false},"author":2,"featured_media":0,"parent":0,"menu_order":55,"comment_status":"closed","ping_status":"closed","template":"","meta":{"footnotes":""},"class_list":["post-54582","page","type-page","status-publish"],"_links":{"self":[{"href":"https:\/\/turanturan.com.tr\/fr\/wp-json\/wp\/v2\/pages\/54582","targetHints":{"allow":["GET"]}}],"collection":[{"href":"https:\/\/turanturan.com.tr\/fr\/wp-json\/wp\/v2\/pages"}],"about":[{"href":"https:\/\/turanturan.com.tr\/fr\/wp-json\/wp\/v2\/types\/page"}],"author":[{"embeddable":true,"href":"https:\/\/turanturan.com.tr\/fr\/wp-json\/wp\/v2\/users\/2"}],"replies":[{"embeddable":true,"href":"https:\/\/turanturan.com.tr\/fr\/wp-json\/wp\/v2\/comments?post=54582"}],"version-history":[{"count":7,"href":"https:\/\/turanturan.com.tr\/fr\/wp-json\/wp\/v2\/pages\/54582\/revisions"}],"predecessor-version":[{"id":55214,"href":"https:\/\/turanturan.com.tr\/fr\/wp-json\/wp\/v2\/pages\/54582\/revisions\/55214"}],"wp:attachment":[{"href":"https:\/\/turanturan.com.tr\/fr\/wp-json\/wp\/v2\/media?parent=54582"}],"curies":[{"name":"wp","href":"https:\/\/api.w.org\/{rel}","templated":true}]}}