{"id":54774,"date":"2023-09-27T13:30:09","date_gmt":"2023-09-27T10:30:09","guid":{"rendered":"https:\/\/turanturan.com.tr\/?page_id=54774"},"modified":"2025-10-22T17:16:39","modified_gmt":"2025-10-22T14:16:39","slug":"traitement-de-lepaule-gelee-en-turquie","status":"publish","type":"page","link":"https:\/\/turanturan.com.tr\/fr\/traitements\/traitement-de-lepaule-gelee-en-turquie\/","title":{"rendered":"Traitement de l\u2019\u00e9paule gel\u00e9e en Turquie"},"content":{"rendered":"\n<div>\n<div class=\"gb-element-2b151846\">\n<div class=\"wp-embed-aspect-16-9 wp-has-aspect-ratio\">\n<h1 class=\"wp-block-heading\"><strong><strong><strong>Traitement de l\u2019\u00e9paule gel\u00e9e en Turquie<\/strong><\/strong><\/strong><\/h1>\n\n\n\n<p>Le syndrome de l\u2019\u00e9paule gel\u00e9e (Capsulite r\u00e9tractile de l&rsquo;\u00e9paule) provoque des douleurs et une limitation des mouvements de l\u2019\u00e9paule. Les sympt\u00f4mes sont l\u00e9gers au d\u00e9but. Cependant, s\u2019il n\u2019y a pas de traitement, les sympt\u00f4mes s\u2019aggravent et les plaintes augmentent. Bien que plusieurs causes puissent \u00eatre \u00e0 l\u2019origine de l\u2019\u00e9paule gel\u00e9e, la cause est g\u00e9n\u00e9ralement inconnue.<\/p>\n\n\n\n<p>Les situations pouvant provoquer une \u00e9paule gel\u00e9e sont les suivantes :<\/p>\n\n\n\n<ul class=\"wp-block-list\">\n<li>L\u00e9sion de la coiffe des rotateurs<br><\/li>\n\n\n\n<li>Immobilisation prolong\u00e9e du bras suite \u00e0 une fracture de l\u2019\u00e9paule<br><\/li>\n\n\n\n<li>Paralysie partielle<br><\/li>\n\n\n\n<li>Diab\u00e8te<br><\/li>\n\n\n\n<li>Maladie de Parkinson<br><\/li>\n\n\n\n<li>Goitre<\/li>\n<\/ul>\n<\/div>\n\n\n\n<div class=\"wp-embed-aspect-16-9 wp-has-aspect-ratio\"><style>\r\n  \/* wrapper *\/\r\n  .form-tedavi {\r\n    box-shadow: 0 26px 58px 0 rgba(0,0,0,.22), 0 5px 14px 0 rgba(0,0,0,.18);\r\n    border-radius: 23px;\r\n    background-color: #fff;\r\n    padding: 25px;\r\n    margin-left: 25px;\r\n  }\r\n  .form-tedavi h2 { margin-top: 15px; margin-bottom: 0; text-align: center; }\r\n  .form-tedavi hr { border: none; border-bottom: 7px solid #FFB76B; margin: 5px 14px 0; }\r\n  .form-tedavi p { margin: 25px 0 0 5px; }\r\n\r\n  \/* CF7 inputs inside the wrapper *\/\r\n  .form-tedavi .wpcf7-form .wpcf7-form-control { width: 100%; box-sizing: border-box; }\r\n  .form-tedavi .wpcf7 input[type=\"text\"],\r\n  .form-tedavi .wpcf7 input[type=\"tel\"],\r\n  .form-tedavi .wpcf7 input[type=\"email\"],\r\n  .form-tedavi .wpcf7 input[type=\"number\"],\r\n  .form-tedavi .wpcf7 textarea,\r\n  .form-tedavi .wpcf7 select {\r\n    border-radius: 15px;\r\n    border: 1px solid #eaeaea;\r\n    margin-bottom: 5px;\r\n    padding: 15px;\r\n  }\r\n  .form-tedavi .wpcf7 input[type=\"submit\"],\r\n  .form-tedavi .wpcf7 .wpcf7-submit {\r\n    background-color: #17449E;\r\n    color: #fff;\r\n    font-weight: 700;\r\n    border-radius: 15px;\r\n    border: 1px solid #17449E;\r\n    padding: 12px 16px;\r\n    cursor: pointer;\r\n    transition: all .2s ease;\r\n  }\r\n  .form-tedavi .wpcf7 input[type=\"submit\"]:hover,\r\n  .form-tedavi .wpcf7 .wpcf7-submit:hover {\r\n    background-color: #eaeaea;\r\n    color: #000;\r\n    border-color: #eaeaea;\r\n  }\r\n  .form-tedavi .wpcf7-response-output { margin-top: 12px; border-radius: 12px; }\r\n\r\n  \/* &#x2705; Hide form after successful submit, keep CF7 message only *\/\r\n  .form-tedavi .wpcf7 form[data-status=\"sent\"] > *:not(.wpcf7-response-output) { display: none !important; }\r\n  .form-tedavi .wpcf7 form[data-status=\"sent\"] .wpcf7-response-output {\r\n    display: block; padding: 16px; text-align: center; font-weight: 600;\r\n  }\r\n\r\n  @media (max-width: 768px) { .form-tedavi { margin-left: 0; padding: 25px; } }\r\n<\/style>\r\n\r\n<div class=\"form-tedavi\">\r\n  <h2>Parlez-nous de votre cas \u2014 Nous vous contacterons<\/h2>\r\n  <hr \/>\r\n  <p id=\"customText\"><\/p>\r\n\r\n   \n<div class=\"wpcf7 no-js\" id=\"wpcf7-f55195-o1\" lang=\"tr-TR\" dir=\"ltr\" data-wpcf7-id=\"55195\">\n<div class=\"screen-reader-response\"><p role=\"status\" aria-live=\"polite\" aria-atomic=\"true\"><\/p> <ul><\/ul><\/div>\n<form action=\"\/fr\/wp-json\/wp\/v2\/pages\/54774#wpcf7-f55195-o1\" method=\"post\" class=\"wpcf7-form init\" aria-label=\"\u0130leti\u015fim Formu\" novalidate=\"novalidate\" data-status=\"init\">\n<fieldset class=\"hidden-fields-container\"><input type=\"hidden\" name=\"_wpcf7\" value=\"55195\" \/><input type=\"hidden\" name=\"_wpcf7_version\" value=\"6.1.4\" \/><input type=\"hidden\" name=\"_wpcf7_locale\" value=\"tr_TR\" \/><input type=\"hidden\" name=\"_wpcf7_unit_tag\" value=\"wpcf7-f55195-o1\" \/><input type=\"hidden\" name=\"_wpcf7_container_post\" value=\"0\" \/><input type=\"hidden\" name=\"_wpcf7_posted_data_hash\" value=\"\" \/><input type=\"hidden\" name=\"_wpcf7_recaptcha_response\" value=\"\" \/>\n<\/fieldset>\n<input class=\"wpcf7-form-control wpcf7-hidden\" value=\"0jbJRoRK6rwG67dibD8SClNGrT6o3yGq4UaJmd7uDCKLBaRINM\" type=\"hidden\" name=\"token\" \/>\n<input class=\"wpcf7-form-control wpcf7-hidden\" value=\"add\" type=\"hidden\" name=\"method\" \/>\n<input class=\"wpcf7-form-control wpcf7-hidden\" value=\"tt-tedavi\" type=\"hidden\" name=\"page_title\" \/>\n<input class=\"wpcf7-form-control wpcf7-hidden\" id=\"page_url\" value=\"\" type=\"hidden\" name=\"page_url\" \/>\n<input class=\"wpcf7-form-control wpcf7-hidden\" id=\"referrer\" value=\"\" type=\"hidden\" name=\"referrer\" \/>\n<input class=\"wpcf7-form-control wpcf7-hidden\" id=\"source_id\" value=\"\" type=\"hidden\" name=\"source_id\" \/>\n<input class=\"wpcf7-form-control wpcf7-hidden\" value=\"\" type=\"hidden\" name=\"ip_address\" \/><!-- optional; your API can read IP from request -->\n<input class=\"wpcf7-form-control wpcf7-hidden\" value=\"\" type=\"hidden\" name=\"type\" \/><!-- if you need it -->\n<p><label> Nom<br \/>\n<span class=\"wpcf7-form-control-wrap\" data-name=\"full_name\"><input size=\"40\" maxlength=\"400\" class=\"wpcf7-form-control wpcf7-text wpcf7-validates-as-required\" autocomplete=\"name\" aria-required=\"true\" aria-invalid=\"false\" value=\"\" type=\"text\" name=\"full_name\" \/><\/span><br \/>\n<\/label>\n<\/p>\n<p><label> T\u00e9l\u00e9phone<br \/>\n<span class=\"wpcf7-form-control-wrap\" data-name=\"phone\"><input size=\"40\" maxlength=\"400\" class=\"wpcf7-form-control wpcf7-tel wpcf7-validates-as-required wpcf7-text wpcf7-validates-as-tel\" aria-required=\"true\" aria-invalid=\"false\" value=\"\" type=\"tel\" name=\"phone\" \/><\/span><br \/>\n<\/label>\n<\/p>\n<p><label> \u00c2ge<br \/>\n<span class=\"wpcf7-form-control-wrap\" data-name=\"message\"><input class=\"wpcf7-form-control wpcf7-number wpcf7-validates-as-required wpcf7-validates-as-number\" min=\"0\" max=\"99\" aria-required=\"true\" aria-invalid=\"false\" value=\"\" type=\"number\" name=\"message\" \/><\/span> <!-- your API treats message as the age\/number --><br \/>\n<\/label>\n<\/p>\n<p><input class=\"wpcf7-form-control wpcf7-submit has-spinner\" type=\"submit\" value=\"Envoyer\" \/>\n<\/p><p style=\"display: none !important;\" class=\"akismet-fields-container\" data-prefix=\"_wpcf7_ak_\"><label>&#916;<textarea name=\"_wpcf7_ak_hp_textarea\" cols=\"45\" rows=\"8\" maxlength=\"100\"><\/textarea><\/label><input type=\"hidden\" id=\"ak_js_1\" name=\"_wpcf7_ak_js\" value=\"187\"\/><script>document.getElementById( \"ak_js_1\" ).setAttribute( \"value\", ( new Date() ).getTime() );<\/script><\/p><input type='hidden' class='wpcf7-pum' value='{\"closepopup\":false,\"closedelay\":0,\"openpopup\":false,\"openpopup_id\":0}' \/><div class=\"wpcf7-response-output\" aria-hidden=\"true\"><\/div>\n<\/form>\n<\/div>\n\r\n<\/div>\r\n\r\n<script>\r\n(function () {\r\n  \/\/ EN slugs \u2192 numeric IDs (kept from your list)\r\n  const treatments = [\r\n    { id: 73, url: \"fr\/traitements\/traitement-de-la-scoliose-en-turquie\/\" },\r\n    { id: 74, url: \"fr\/traitements\/traitement-des-pieds-plats-en-turquie\/\" },\r\n    { id: 75, url: \"fr\/traitements\/traitement-de-la-prothese-du-genou-en-turquie\/\" },\r\n    { id: 76, url: \"fr\/traitements\/traitement-de-la-hernie-discale-en-turquie\/\" },\r\n    { id: 77, url: \"fr\/traitements\/traitement-des-verrues-en-turquie\/\" },\r\n    { id: 78, url: \"fr\/traitements\/traitement-de-lepaule-gelee-en-turquie\/\" },\r\n\t  { id: 79, url: \"fr\/traitements\/traitement-de-lepine-calcaneenne-en-turquie\/\" },\r\n\t  { id: 80, url: \"fr\/traitements\/traitement-de-larthrose-du-genou-en-turquie\/\" }\r\n\t  \r\n\t  \r\n\t \r\n  ];\r\n\r\n\t\r\n  function titleCase(s) {\r\n    return s.split(\" \")\r\n      .filter(Boolean)\r\n      .map(w => w.charAt(0).toUpperCase() + w.slice(1).toLowerCase())\r\n      .join(\" \");\r\n  }\r\n\r\n  function computeDesiredText(path) {\r\n    const parts = path.split(\"\/\").filter(Boolean);\r\n    const last = (parts[parts.length - 1] || \"\").replace(\/-\/g, \" \");\r\n    return titleCase(last);\r\n  }\r\n\r\n  function fillDynamicFields(formEl) {\r\n    const currentURL = window.location.href;\r\n    const path = new URL(currentURL).pathname;\r\n\r\n    \/\/ Dynamic intro text (EN)\r\n    const customText = document.getElementById(\"customText\");\r\n  if (customText) {\r\n  customText.textContent =\r\n    `Si vous explorez des options pour ${computeDesiredText(path)}, notre \u00e9quipe exp\u00e9riment\u00e9e est pr\u00eate \u00e0 vous accompagner. ` +\r\n    `Laissez vos coordonn\u00e9es et nous vous contacterons rapidement avec des options de traitement et les prochaines \u00e9tapes.`;\r\n}\r\n\r\n\t  \r\n\t  \r\n\r\n    \/\/ Hidden fields that your CF7 form should include:\r\n    \/\/ [hidden page_url] [hidden referrer] [hidden current_page] [hidden source_id]\r\n    const setVal = (sel, val) => { const el = formEl.querySelector(sel); if (el) el.value = val; };\r\n    setVal('input[name=\"page_url\"]', currentURL);\r\n    setVal('input[name=\"referrer\"]', document.referrer || '');\r\n    setVal('input[name=\"current_page\"]', currentURL);\r\n\r\n    const pathname = path.replace(\/^\\\/|\\\/$\/g, \"\");\r\n    const match = treatments.find(t => pathname.includes(t.url));\r\n    if (match) setVal('input[name=\"source_id\"]', String(match.id));\r\n  }\r\n\r\n  document.addEventListener(\"DOMContentLoaded\", function () {\r\n    \/\/ Apply to the CF7 form inside this block\r\n    document.querySelectorAll(\".form-tedavi .wpcf7 form\").forEach(fillDynamicFields);\r\n  });\r\n\r\n  \/\/ Optional: custom success message\r\n  \/\/ document.addEventListener('wpcf7mailsent', function(e){\r\n  \/\/   const resp = e.target.querySelector('.wpcf7-response-output');\r\n  \/\/   if (resp) resp.textContent = \"Thanks! We\u2019ll contact you shortly.\";\r\n  \/\/ });\r\n})();\r\n<\/script>\r\n\n<\/div>\n<\/div>\n<\/div>\n\n\n\n<p>Pour poser le diagnostic, votre m\u00e9decin commence par un examen physique. Il \u00e9value la mobilit\u00e9 de votre \u00e9paule. Ensuite, pour un diagnostic plus pr\u00e9cis, des examens comme la radiographie, l\u2019IRM (Imagerie par R\u00e9sonance Magn\u00e9tique) et l\u2019\u00e9chographie sont r\u00e9alis\u00e9s.<\/p>\n\n\n\n<p>L\u2019\u00e9paule gel\u00e9e (Capsulite r\u00e9tractile de l&rsquo;\u00e9paule) peut gu\u00e9rir spontan\u00e9ment en trois ans. Toutefois, cette p\u00e9riode \u00e9tant tr\u00e8s longue, les patients pr\u00e9f\u00e8rent g\u00e9n\u00e9ralement consulter un traitement. Sinon, la limitation et la douleur persistantes de l\u2019\u00e9paule diminuent fortement la qualit\u00e9 de vie.<\/p>\n\n\n\n<p>Les m\u00e9thodes de traitement pour l\u2019\u00e9paule gel\u00e9e sont les suivantes :<\/p>\n\n\n\n<ul class=\"wp-block-list\">\n<li>Physioth\u00e9rapie<br><\/li>\n\n\n\n<li>Exercices<br><\/li>\n\n\n\n<li>Traitement m\u00e9dicamenteux<br><\/li>\n\n\n\n<li>Injections<br><\/li>\n\n\n\n<li>Intervention chirurgicale<\/li>\n<\/ul>\n","protected":false},"excerpt":{"rendered":"<p>Traitement de l\u2019\u00e9paule gel\u00e9e en Turquie Le syndrome de l\u2019\u00e9paule gel\u00e9e (Capsulite r\u00e9tractile de l&rsquo;\u00e9paule) provoque des douleurs et une limitation des mouvements de l\u2019\u00e9paule. Les sympt\u00f4mes sont l\u00e9gers au d\u00e9but. Cependant, s\u2019il n\u2019y a pas de traitement, les sympt\u00f4mes s\u2019aggravent et les plaintes augmentent. Bien que plusieurs causes puissent \u00eatre \u00e0 l\u2019origine de l\u2019\u00e9paule &#8230; <a title=\"Traitement de l\u2019\u00e9paule gel\u00e9e en Turquie\" class=\"read-more\" href=\"https:\/\/turanturan.com.tr\/fr\/traitements\/traitement-de-lepaule-gelee-en-turquie\/\" aria-label=\"En savoir plus sur Traitement de l\u2019\u00e9paule gel\u00e9e en Turquie\">Lire plus<\/a><\/p>\n","protected":false},"author":2,"featured_media":0,"parent":54674,"menu_order":29,"comment_status":"closed","ping_status":"closed","template":"","meta":{"footnotes":""},"class_list":["post-54774","page","type-page","status-publish"],"_links":{"self":[{"href":"https:\/\/turanturan.com.tr\/fr\/wp-json\/wp\/v2\/pages\/54774","targetHints":{"allow":["GET"]}}],"collection":[{"href":"https:\/\/turanturan.com.tr\/fr\/wp-json\/wp\/v2\/pages"}],"about":[{"href":"https:\/\/turanturan.com.tr\/fr\/wp-json\/wp\/v2\/types\/page"}],"author":[{"embeddable":true,"href":"https:\/\/turanturan.com.tr\/fr\/wp-json\/wp\/v2\/users\/2"}],"replies":[{"embeddable":true,"href":"https:\/\/turanturan.com.tr\/fr\/wp-json\/wp\/v2\/comments?post=54774"}],"version-history":[{"count":4,"href":"https:\/\/turanturan.com.tr\/fr\/wp-json\/wp\/v2\/pages\/54774\/revisions"}],"predecessor-version":[{"id":55200,"href":"https:\/\/turanturan.com.tr\/fr\/wp-json\/wp\/v2\/pages\/54774\/revisions\/55200"}],"up":[{"embeddable":true,"href":"https:\/\/turanturan.com.tr\/fr\/wp-json\/wp\/v2\/pages\/54674"}],"wp:attachment":[{"href":"https:\/\/turanturan.com.tr\/fr\/wp-json\/wp\/v2\/media?parent=54774"}],"curies":[{"name":"wp","href":"https:\/\/api.w.org\/{rel}","templated":true}]}}