{"id":54809,"date":"2023-09-15T17:40:04","date_gmt":"2023-09-15T14:40:04","guid":{"rendered":"https:\/\/turanturan.com.tr\/?page_id=54809"},"modified":"2025-10-22T17:16:51","modified_gmt":"2025-10-22T14:16:51","slug":"traitement-de-la-scoliose-en-turquie","status":"publish","type":"page","link":"https:\/\/turanturan.com.tr\/fr\/traitements\/traitement-de-la-scoliose-en-turquie\/","title":{"rendered":"Traitement de la Scoliose en Turquie"},"content":{"rendered":"\n<div>\n<div class=\"gb-element-2b151846\">\n<div>\n<h1 class=\"wp-block-heading\"><strong><strong>Traitement de la Scoliose en Turquie<\/strong><\/strong><\/h1>\n\n\n\n<p>Bienvenue sur notre page d\u00e9di\u00e9e au traitement scoliose en Turquie. La scoliose est une affection courante mais souvent n\u00e9glig\u00e9e, qui peut entra\u00eener de graves cons\u00e9quences si elle n\u2019est pas trait\u00e9e. Notre \u00e9quipe d\u2019experts en Turquie propose une gamme d\u2019options th\u00e9rapeutiques en fonction de la gravit\u00e9, de la localisation de la courbure vert\u00e9brale et de l\u2019\u00e2ge d\u2019apparition.<\/p>\n\n\n\n<p>Le traitement pour la scoliose est d\u00e9termin\u00e9 par la gravit\u00e9 et la localisation de la courbure vert\u00e9brale ainsi que par l\u2019\u00e2ge d\u2019apparition. Dans les cas de scoliose l\u00e9g\u00e8re \u00e0 mod\u00e9r\u00e9e, des traitements comme les exercices et le port d\u2019un corset sont recommand\u00e9s, tandis que dans les cas de scoliose s\u00e9v\u00e8re, une intervention chirurgicale peut \u00eatre n\u00e9cessaire.<\/p>\n\n\n\n<p>Nous comprenons qu\u2019il peut \u00eatre difficile de se lancer dans une d\u00e9marche de soins, mais nous sommes l\u00e0 pour vous accompagner. Notre \u00e9quipe propose des consultations gratuites aux patients souhaitant franchir la premi\u00e8re \u00e9tape vers la gu\u00e9rison. Veuillez remplir le formulaire, et nous vous contacterons rapidement pour vous aider.<\/p>\n\n\n\n<figure class=\"wp-block-embed is-type-video is-provider-youtube wp-block-embed-youtube wp-embed-aspect-16-9 wp-has-aspect-ratio\"><div class=\"wp-block-embed__wrapper\">\n<iframe title=\"Robotik Omurga Cerrahisi Nedir? Nas\u0131l \u00c7al\u0131\u015f\u0131r? - Mazor X Stealth\u2122 Edition I Turan Turan Sa\u011fl\u0131k Grubu\" width=\"1200\" height=\"675\" src=\"https:\/\/www.youtube.com\/embed\/o9KxjbbtVLw?feature=oembed\" frameborder=\"0\" allow=\"accelerometer; autoplay; clipboard-write; encrypted-media; gyroscope; picture-in-picture; web-share\" referrerpolicy=\"strict-origin-when-cross-origin\" allowfullscreen><\/iframe>\n<\/div><\/figure>\n<\/div>\n\n\n\n<div><style>\r\n  \/* wrapper *\/\r\n  .form-tedavi {\r\n    box-shadow: 0 26px 58px 0 rgba(0,0,0,.22), 0 5px 14px 0 rgba(0,0,0,.18);\r\n    border-radius: 23px;\r\n    background-color: #fff;\r\n    padding: 25px;\r\n    margin-left: 25px;\r\n  }\r\n  .form-tedavi h2 { margin-top: 15px; margin-bottom: 0; text-align: center; }\r\n  .form-tedavi hr { border: none; border-bottom: 7px solid #FFB76B; margin: 5px 14px 0; }\r\n  .form-tedavi p { margin: 25px 0 0 5px; }\r\n\r\n  \/* CF7 inputs inside the wrapper *\/\r\n  .form-tedavi .wpcf7-form .wpcf7-form-control { width: 100%; box-sizing: border-box; }\r\n  .form-tedavi .wpcf7 input[type=\"text\"],\r\n  .form-tedavi .wpcf7 input[type=\"tel\"],\r\n  .form-tedavi .wpcf7 input[type=\"email\"],\r\n  .form-tedavi .wpcf7 input[type=\"number\"],\r\n  .form-tedavi .wpcf7 textarea,\r\n  .form-tedavi .wpcf7 select {\r\n    border-radius: 15px;\r\n    border: 1px solid #eaeaea;\r\n    margin-bottom: 5px;\r\n    padding: 15px;\r\n  }\r\n  .form-tedavi .wpcf7 input[type=\"submit\"],\r\n  .form-tedavi .wpcf7 .wpcf7-submit {\r\n    background-color: #17449E;\r\n    color: #fff;\r\n    font-weight: 700;\r\n    border-radius: 15px;\r\n    border: 1px solid #17449E;\r\n    padding: 12px 16px;\r\n    cursor: pointer;\r\n    transition: all .2s ease;\r\n  }\r\n  .form-tedavi .wpcf7 input[type=\"submit\"]:hover,\r\n  .form-tedavi .wpcf7 .wpcf7-submit:hover {\r\n    background-color: #eaeaea;\r\n    color: #000;\r\n    border-color: #eaeaea;\r\n  }\r\n  .form-tedavi .wpcf7-response-output { margin-top: 12px; border-radius: 12px; }\r\n\r\n  \/* &#x2705; Hide form after successful submit, keep CF7 message only *\/\r\n  .form-tedavi .wpcf7 form[data-status=\"sent\"] > *:not(.wpcf7-response-output) { display: none !important; }\r\n  .form-tedavi .wpcf7 form[data-status=\"sent\"] .wpcf7-response-output {\r\n    display: block; padding: 16px; text-align: center; font-weight: 600;\r\n  }\r\n\r\n  @media (max-width: 768px) { .form-tedavi { margin-left: 0; padding: 25px; } }\r\n<\/style>\r\n\r\n<div class=\"form-tedavi\">\r\n  <h2>Parlez-nous de votre cas \u2014 Nous vous contacterons<\/h2>\r\n  <hr \/>\r\n  <p id=\"customText\"><\/p>\r\n\r\n   \n<div class=\"wpcf7 no-js\" id=\"wpcf7-f55195-o1\" lang=\"tr-TR\" dir=\"ltr\" data-wpcf7-id=\"55195\">\n<div class=\"screen-reader-response\"><p role=\"status\" aria-live=\"polite\" aria-atomic=\"true\"><\/p> <ul><\/ul><\/div>\n<form action=\"\/fr\/wp-json\/wp\/v2\/pages\/54809#wpcf7-f55195-o1\" method=\"post\" class=\"wpcf7-form init\" aria-label=\"\u0130leti\u015fim Formu\" novalidate=\"novalidate\" data-status=\"init\">\n<fieldset class=\"hidden-fields-container\"><input type=\"hidden\" name=\"_wpcf7\" value=\"55195\" \/><input type=\"hidden\" name=\"_wpcf7_version\" value=\"6.1.4\" \/><input type=\"hidden\" name=\"_wpcf7_locale\" value=\"tr_TR\" \/><input type=\"hidden\" name=\"_wpcf7_unit_tag\" value=\"wpcf7-f55195-o1\" \/><input type=\"hidden\" name=\"_wpcf7_container_post\" value=\"0\" \/><input type=\"hidden\" name=\"_wpcf7_posted_data_hash\" value=\"\" \/><input type=\"hidden\" name=\"_wpcf7_recaptcha_response\" value=\"\" \/>\n<\/fieldset>\n<input class=\"wpcf7-form-control wpcf7-hidden\" value=\"0jbJRoRK6rwG67dibD8SClNGrT6o3yGq4UaJmd7uDCKLBaRINM\" type=\"hidden\" name=\"token\" \/>\n<input class=\"wpcf7-form-control wpcf7-hidden\" value=\"add\" type=\"hidden\" name=\"method\" \/>\n<input class=\"wpcf7-form-control wpcf7-hidden\" value=\"tt-tedavi\" type=\"hidden\" name=\"page_title\" \/>\n<input class=\"wpcf7-form-control wpcf7-hidden\" id=\"page_url\" value=\"\" type=\"hidden\" name=\"page_url\" \/>\n<input class=\"wpcf7-form-control wpcf7-hidden\" id=\"referrer\" value=\"\" type=\"hidden\" name=\"referrer\" \/>\n<input class=\"wpcf7-form-control wpcf7-hidden\" id=\"source_id\" value=\"\" type=\"hidden\" name=\"source_id\" \/>\n<input class=\"wpcf7-form-control wpcf7-hidden\" value=\"\" type=\"hidden\" name=\"ip_address\" \/><!-- optional; your API can read IP from request -->\n<input class=\"wpcf7-form-control wpcf7-hidden\" value=\"\" type=\"hidden\" name=\"type\" \/><!-- if you need it -->\n<p><label> Nom<br \/>\n<span class=\"wpcf7-form-control-wrap\" data-name=\"full_name\"><input size=\"40\" maxlength=\"400\" class=\"wpcf7-form-control wpcf7-text wpcf7-validates-as-required\" autocomplete=\"name\" aria-required=\"true\" aria-invalid=\"false\" value=\"\" type=\"text\" name=\"full_name\" \/><\/span><br \/>\n<\/label>\n<\/p>\n<p><label> T\u00e9l\u00e9phone<br \/>\n<span class=\"wpcf7-form-control-wrap\" data-name=\"phone\"><input size=\"40\" maxlength=\"400\" class=\"wpcf7-form-control wpcf7-tel wpcf7-validates-as-required wpcf7-text wpcf7-validates-as-tel\" aria-required=\"true\" aria-invalid=\"false\" value=\"\" type=\"tel\" name=\"phone\" \/><\/span><br \/>\n<\/label>\n<\/p>\n<p><label> \u00c2ge<br \/>\n<span class=\"wpcf7-form-control-wrap\" data-name=\"message\"><input class=\"wpcf7-form-control wpcf7-number wpcf7-validates-as-required wpcf7-validates-as-number\" min=\"0\" max=\"99\" aria-required=\"true\" aria-invalid=\"false\" value=\"\" type=\"number\" name=\"message\" \/><\/span> <!-- your API treats message as the age\/number --><br \/>\n<\/label>\n<\/p>\n<p><input class=\"wpcf7-form-control wpcf7-submit has-spinner\" type=\"submit\" value=\"Envoyer\" \/>\n<\/p><p style=\"display: none !important;\" class=\"akismet-fields-container\" data-prefix=\"_wpcf7_ak_\"><label>&#916;<textarea name=\"_wpcf7_ak_hp_textarea\" cols=\"45\" rows=\"8\" maxlength=\"100\"><\/textarea><\/label><input type=\"hidden\" id=\"ak_js_1\" name=\"_wpcf7_ak_js\" value=\"206\"\/><script>document.getElementById( \"ak_js_1\" ).setAttribute( \"value\", ( new Date() ).getTime() );<\/script><\/p><input type='hidden' class='wpcf7-pum' value='{\"closepopup\":false,\"closedelay\":0,\"openpopup\":false,\"openpopup_id\":0}' \/><div class=\"wpcf7-response-output\" aria-hidden=\"true\"><\/div>\n<\/form>\n<\/div>\n\r\n<\/div>\r\n\r\n<script>\r\n(function () {\r\n  \/\/ EN slugs \u2192 numeric IDs (kept from your list)\r\n  const treatments = [\r\n    { id: 73, url: \"fr\/traitements\/traitement-de-la-scoliose-en-turquie\/\" },\r\n    { id: 74, url: \"fr\/traitements\/traitement-des-pieds-plats-en-turquie\/\" },\r\n    { id: 75, url: \"fr\/traitements\/traitement-de-la-prothese-du-genou-en-turquie\/\" },\r\n    { id: 76, url: \"fr\/traitements\/traitement-de-la-hernie-discale-en-turquie\/\" },\r\n    { id: 77, url: \"fr\/traitements\/traitement-des-verrues-en-turquie\/\" },\r\n    { id: 78, url: \"fr\/traitements\/traitement-de-lepaule-gelee-en-turquie\/\" },\r\n\t  { id: 79, url: \"fr\/traitements\/traitement-de-lepine-calcaneenne-en-turquie\/\" },\r\n\t  { id: 80, url: \"fr\/traitements\/traitement-de-larthrose-du-genou-en-turquie\/\" }\r\n\t  \r\n\t  \r\n\t \r\n  ];\r\n\r\n\t\r\n  function titleCase(s) {\r\n    return s.split(\" \")\r\n      .filter(Boolean)\r\n      .map(w => w.charAt(0).toUpperCase() + w.slice(1).toLowerCase())\r\n      .join(\" \");\r\n  }\r\n\r\n  function computeDesiredText(path) {\r\n    const parts = path.split(\"\/\").filter(Boolean);\r\n    const last = (parts[parts.length - 1] || \"\").replace(\/-\/g, \" \");\r\n    return titleCase(last);\r\n  }\r\n\r\n  function fillDynamicFields(formEl) {\r\n    const currentURL = window.location.href;\r\n    const path = new URL(currentURL).pathname;\r\n\r\n    \/\/ Dynamic intro text (EN)\r\n    const customText = document.getElementById(\"customText\");\r\n  if (customText) {\r\n  customText.textContent =\r\n    `Si vous explorez des options pour ${computeDesiredText(path)}, notre \u00e9quipe exp\u00e9riment\u00e9e est pr\u00eate \u00e0 vous accompagner. ` +\r\n    `Laissez vos coordonn\u00e9es et nous vous contacterons rapidement avec des options de traitement et les prochaines \u00e9tapes.`;\r\n}\r\n\r\n\t  \r\n\t  \r\n\r\n    \/\/ Hidden fields that your CF7 form should include:\r\n    \/\/ [hidden page_url] [hidden referrer] [hidden current_page] [hidden source_id]\r\n    const setVal = (sel, val) => { const el = formEl.querySelector(sel); if (el) el.value = val; };\r\n    setVal('input[name=\"page_url\"]', currentURL);\r\n    setVal('input[name=\"referrer\"]', document.referrer || '');\r\n    setVal('input[name=\"current_page\"]', currentURL);\r\n\r\n    const pathname = path.replace(\/^\\\/|\\\/$\/g, \"\");\r\n    const match = treatments.find(t => pathname.includes(t.url));\r\n    if (match) setVal('input[name=\"source_id\"]', String(match.id));\r\n  }\r\n\r\n  document.addEventListener(\"DOMContentLoaded\", function () {\r\n    \/\/ Apply to the CF7 form inside this block\r\n    document.querySelectorAll(\".form-tedavi .wpcf7 form\").forEach(fillDynamicFields);\r\n  });\r\n\r\n  \/\/ Optional: custom success message\r\n  \/\/ document.addEventListener('wpcf7mailsent', function(e){\r\n  \/\/   const resp = e.target.querySelector('.wpcf7-response-output');\r\n  \/\/   if (resp) resp.textContent = \"Thanks! We\u2019ll contact you shortly.\";\r\n  \/\/ });\r\n})();\r\n<\/script>\r\n\n<\/div>\n<\/div>\n<\/div>\n\n\n\n<p><strong>Chirurgie Robotique de la Colonne Vert\u00e9brale<\/strong><\/p>\n\n\n\n<p>Si vous envisagez une intervention chirurgicale pour traiter la scoliose, l\u2019H\u00f4pital Turan Turan est l\u2019endroit id\u00e9al pour vous. Notre \u00e9quipe d\u2019experts propose les options de traitement les plus s\u00fbres et les plus pr\u00e9cises, vous offrant ainsi une tranquillit\u00e9 d\u2019esprit tout au long de votre parcours de soins.<\/p>\n\n\n\n<p>Notre \u00e9tablissement est fier d\u2019utiliser le syst\u00e8me de guidage robotique Mazor X\u2122 dans notre programme de chirurgie rachidienne, faisant de nous le premier et le seul centre en Turquie \u00e0 en b\u00e9n\u00e9ficier. Le syst\u00e8me Mazor X offre \u00e0 nos chirurgiens sp\u00e9cialis\u00e9s des options avanc\u00e9es pour la chirurgie de la colonne vert\u00e9brale, en combinant des outils de planification pr\u00e9op\u00e9ratoire et des analyses avec un guidage perop\u00e9ratoire, ce qui permet une pr\u00e9cision, une exactitude et une visibilit\u00e9 in\u00e9gal\u00e9es. Notre approche robotis\u00e9e garantit un chemin vers la gu\u00e9rison sans risque, pr\u00e9cis et sans douleur.<\/p>\n\n\n\n<p>N\u2019oubliez pas que le diagnostic pr\u00e9coce est essentiel pour contr\u00f4ler efficacement la scoliose. N\u2019h\u00e9sitez pas \u00e0 nous contacter pour en savoir plus ou pour planifier une consultation avec l\u2019un de nos chirurgiens sp\u00e9cialistes de la colonne vert\u00e9brale. Nous sommes l\u00e0 pour vous aider et r\u00e9pondre \u00e0 toutes vos questions.<\/p>\n","protected":false},"excerpt":{"rendered":"<p>Traitement de la Scoliose en Turquie Bienvenue sur notre page d\u00e9di\u00e9e au traitement scoliose en Turquie. La scoliose est une affection courante mais souvent n\u00e9glig\u00e9e, qui peut entra\u00eener de graves cons\u00e9quences si elle n\u2019est pas trait\u00e9e. Notre \u00e9quipe d\u2019experts en Turquie propose une gamme d\u2019options th\u00e9rapeutiques en fonction de la gravit\u00e9, de la localisation de &#8230; <a title=\"Traitement de la Scoliose en Turquie\" class=\"read-more\" href=\"https:\/\/turanturan.com.tr\/fr\/traitements\/traitement-de-la-scoliose-en-turquie\/\" aria-label=\"En savoir plus sur Traitement de la Scoliose en Turquie\">Lire plus<\/a><\/p>\n","protected":false},"author":2,"featured_media":0,"parent":54674,"menu_order":29,"comment_status":"closed","ping_status":"closed","template":"","meta":{"footnotes":""},"class_list":["post-54809","page","type-page","status-publish"],"_links":{"self":[{"href":"https:\/\/turanturan.com.tr\/fr\/wp-json\/wp\/v2\/pages\/54809","targetHints":{"allow":["GET"]}}],"collection":[{"href":"https:\/\/turanturan.com.tr\/fr\/wp-json\/wp\/v2\/pages"}],"about":[{"href":"https:\/\/turanturan.com.tr\/fr\/wp-json\/wp\/v2\/types\/page"}],"author":[{"embeddable":true,"href":"https:\/\/turanturan.com.tr\/fr\/wp-json\/wp\/v2\/users\/2"}],"replies":[{"embeddable":true,"href":"https:\/\/turanturan.com.tr\/fr\/wp-json\/wp\/v2\/comments?post=54809"}],"version-history":[{"count":4,"href":"https:\/\/turanturan.com.tr\/fr\/wp-json\/wp\/v2\/pages\/54809\/revisions"}],"predecessor-version":[{"id":55825,"href":"https:\/\/turanturan.com.tr\/fr\/wp-json\/wp\/v2\/pages\/54809\/revisions\/55825"}],"up":[{"embeddable":true,"href":"https:\/\/turanturan.com.tr\/fr\/wp-json\/wp\/v2\/pages\/54674"}],"wp:attachment":[{"href":"https:\/\/turanturan.com.tr\/fr\/wp-json\/wp\/v2\/media?parent=54809"}],"curies":[{"name":"wp","href":"https:\/\/api.w.org\/{rel}","templated":true}]}}