{"id":54824,"date":"2023-09-16T14:09:04","date_gmt":"2023-09-16T11:09:04","guid":{"rendered":"https:\/\/turanturan.com.tr\/?page_id=54824"},"modified":"2025-10-22T17:17:05","modified_gmt":"2025-10-22T14:17:05","slug":"traitement-de-la-hernie-discale-en-turquie","status":"publish","type":"page","link":"https:\/\/turanturan.com.tr\/fr\/traitements\/traitement-de-la-hernie-discale-en-turquie\/","title":{"rendered":"Traitement de la Hernie Discale en Turquie"},"content":{"rendered":"\n<div>\n<div class=\"gb-element-2b151846\">\n<div class=\"wp-embed-aspect-16-9 wp-has-aspect-ratio\">\n<h1 class=\"wp-block-heading\"><strong><strong>Traitement de la Hernie Discale en Turquie<\/strong><\/strong><\/h1>\n\n\n\n<p>La hernie discale est une affection caus\u00e9e par la pression exerc\u00e9e sur les nerfs en raison de l\u2019usure des disques vert\u00e9braux. Avec l\u2019\u00e2ge, la diminution des liquides dans les disques de la colonne vert\u00e9brale rend cette zone plus vuln\u00e9rable aux blessures. En d&rsquo;autres termes, la hernie discale est une condition qui se d\u00e9veloppe au fil du temps, mais elle peut \u00e9galement survenir \u00e0 la suite de traumatismes tels qu\u2019un accident de la route.<\/p>\n\n\n\n<p>Hernie discale sympt\u00f4mes caract\u00e9ris\u00e9e par des douleurs irradiant de la hanche jusqu\u2019\u00e0 la jambe, peut \u00e9galement provoquer plusieurs autres sympt\u00f4mes : engourdissements dans la jambe et le pied, difficult\u00e9 \u00e0 lever la jambe, douleurs lombaires, douleurs accrues lors des mouvements ou en se penchant.<\/p>\n\n\n\n<p>Si elle n\u2019est pas trait\u00e9e, la hernie discale peut entra\u00eener des douleurs intenses et persistantes. Dans le traitement, les m\u00e9thodes non chirurgicales sont privil\u00e9gi\u00e9es : analg\u00e9siques, relaxants musculaires, thermoth\u00e9rapie, kin\u00e9sith\u00e9rapie et injections. Cependant, lorsque ces traitements ne sont pas efficaces et que le patient ne peut plus effectuer ses activit\u00e9s quotidiennes, une op\u00e9ration hernie discale peut \u00eatre envisag\u00e9e.<\/p>\n\n\n\n<p>La chirurgie mini-invasive de la hernie discale (discectomie endoscopique) est une technique innovante qui offre un processus op\u00e9ratoire s\u00e9curis\u00e9 et une r\u00e9cup\u00e9ration rapide. Gr\u00e2ce \u00e0 cette m\u00e9thode, vous pouvez retrouver rapidement votre vie professionnelle et sociale.<\/p>\n\n\n\n<p>Pour un traitement de la hernie discale en Turquie, n\u2019h\u00e9sitez pas \u00e0 nous contacter ou \u00e0 prendre rendez-vous. Vous pouvez poser toutes vos questions.<\/p>\n<\/div>\n\n\n\n<div class=\"wp-embed-aspect-16-9 wp-has-aspect-ratio\"><style>\r\n  \/* wrapper *\/\r\n  .form-tedavi {\r\n    box-shadow: 0 26px 58px 0 rgba(0,0,0,.22), 0 5px 14px 0 rgba(0,0,0,.18);\r\n    border-radius: 23px;\r\n    background-color: #fff;\r\n    padding: 25px;\r\n    margin-left: 25px;\r\n  }\r\n  .form-tedavi h2 { margin-top: 15px; margin-bottom: 0; text-align: center; }\r\n  .form-tedavi hr { border: none; border-bottom: 7px solid #FFB76B; margin: 5px 14px 0; }\r\n  .form-tedavi p { margin: 25px 0 0 5px; }\r\n\r\n  \/* CF7 inputs inside the wrapper *\/\r\n  .form-tedavi .wpcf7-form .wpcf7-form-control { width: 100%; box-sizing: border-box; }\r\n  .form-tedavi .wpcf7 input[type=\"text\"],\r\n  .form-tedavi .wpcf7 input[type=\"tel\"],\r\n  .form-tedavi .wpcf7 input[type=\"email\"],\r\n  .form-tedavi .wpcf7 input[type=\"number\"],\r\n  .form-tedavi .wpcf7 textarea,\r\n  .form-tedavi .wpcf7 select {\r\n    border-radius: 15px;\r\n    border: 1px solid #eaeaea;\r\n    margin-bottom: 5px;\r\n    padding: 15px;\r\n  }\r\n  .form-tedavi .wpcf7 input[type=\"submit\"],\r\n  .form-tedavi .wpcf7 .wpcf7-submit {\r\n    background-color: #17449E;\r\n    color: #fff;\r\n    font-weight: 700;\r\n    border-radius: 15px;\r\n    border: 1px solid #17449E;\r\n    padding: 12px 16px;\r\n    cursor: pointer;\r\n    transition: all .2s ease;\r\n  }\r\n  .form-tedavi .wpcf7 input[type=\"submit\"]:hover,\r\n  .form-tedavi .wpcf7 .wpcf7-submit:hover {\r\n    background-color: #eaeaea;\r\n    color: #000;\r\n    border-color: #eaeaea;\r\n  }\r\n  .form-tedavi .wpcf7-response-output { margin-top: 12px; border-radius: 12px; }\r\n\r\n  \/* &#x2705; Hide form after successful submit, keep CF7 message only *\/\r\n  .form-tedavi .wpcf7 form[data-status=\"sent\"] > *:not(.wpcf7-response-output) { display: none !important; }\r\n  .form-tedavi .wpcf7 form[data-status=\"sent\"] .wpcf7-response-output {\r\n    display: block; padding: 16px; text-align: center; font-weight: 600;\r\n  }\r\n\r\n  @media (max-width: 768px) { .form-tedavi { margin-left: 0; padding: 25px; } }\r\n<\/style>\r\n\r\n<div class=\"form-tedavi\">\r\n  <h2>Parlez-nous de votre cas \u2014 Nous vous contacterons<\/h2>\r\n  <hr \/>\r\n  <p id=\"customText\"><\/p>\r\n\r\n   \n<div class=\"wpcf7 no-js\" id=\"wpcf7-f55195-o1\" lang=\"tr-TR\" dir=\"ltr\" data-wpcf7-id=\"55195\">\n<div class=\"screen-reader-response\"><p role=\"status\" aria-live=\"polite\" aria-atomic=\"true\"><\/p> <ul><\/ul><\/div>\n<form action=\"\/fr\/wp-json\/wp\/v2\/pages\/54824#wpcf7-f55195-o1\" method=\"post\" class=\"wpcf7-form init\" aria-label=\"\u0130leti\u015fim Formu\" novalidate=\"novalidate\" data-status=\"init\">\n<fieldset class=\"hidden-fields-container\"><input type=\"hidden\" name=\"_wpcf7\" value=\"55195\" \/><input type=\"hidden\" name=\"_wpcf7_version\" value=\"6.1.4\" \/><input type=\"hidden\" name=\"_wpcf7_locale\" value=\"tr_TR\" \/><input type=\"hidden\" name=\"_wpcf7_unit_tag\" value=\"wpcf7-f55195-o1\" \/><input type=\"hidden\" name=\"_wpcf7_container_post\" value=\"0\" \/><input type=\"hidden\" name=\"_wpcf7_posted_data_hash\" value=\"\" \/><input type=\"hidden\" name=\"_wpcf7_recaptcha_response\" value=\"\" \/>\n<\/fieldset>\n<input class=\"wpcf7-form-control wpcf7-hidden\" value=\"0jbJRoRK6rwG67dibD8SClNGrT6o3yGq4UaJmd7uDCKLBaRINM\" type=\"hidden\" name=\"token\" \/>\n<input class=\"wpcf7-form-control wpcf7-hidden\" value=\"add\" type=\"hidden\" name=\"method\" \/>\n<input class=\"wpcf7-form-control wpcf7-hidden\" value=\"tt-tedavi\" type=\"hidden\" name=\"page_title\" \/>\n<input class=\"wpcf7-form-control wpcf7-hidden\" id=\"page_url\" value=\"\" type=\"hidden\" name=\"page_url\" \/>\n<input class=\"wpcf7-form-control wpcf7-hidden\" id=\"referrer\" value=\"\" type=\"hidden\" name=\"referrer\" \/>\n<input class=\"wpcf7-form-control wpcf7-hidden\" id=\"source_id\" value=\"\" type=\"hidden\" name=\"source_id\" \/>\n<input class=\"wpcf7-form-control wpcf7-hidden\" value=\"\" type=\"hidden\" name=\"ip_address\" \/><!-- optional; your API can read IP from request -->\n<input class=\"wpcf7-form-control wpcf7-hidden\" value=\"\" type=\"hidden\" name=\"type\" \/><!-- if you need it -->\n<p><label> Nom<br \/>\n<span class=\"wpcf7-form-control-wrap\" data-name=\"full_name\"><input size=\"40\" maxlength=\"400\" class=\"wpcf7-form-control wpcf7-text wpcf7-validates-as-required\" autocomplete=\"name\" aria-required=\"true\" aria-invalid=\"false\" value=\"\" type=\"text\" name=\"full_name\" \/><\/span><br \/>\n<\/label>\n<\/p>\n<p><label> T\u00e9l\u00e9phone<br \/>\n<span class=\"wpcf7-form-control-wrap\" data-name=\"phone\"><input size=\"40\" maxlength=\"400\" class=\"wpcf7-form-control wpcf7-tel wpcf7-validates-as-required wpcf7-text wpcf7-validates-as-tel\" aria-required=\"true\" aria-invalid=\"false\" value=\"\" type=\"tel\" name=\"phone\" \/><\/span><br \/>\n<\/label>\n<\/p>\n<p><label> \u00c2ge<br \/>\n<span class=\"wpcf7-form-control-wrap\" data-name=\"message\"><input class=\"wpcf7-form-control wpcf7-number wpcf7-validates-as-required wpcf7-validates-as-number\" min=\"0\" max=\"99\" aria-required=\"true\" aria-invalid=\"false\" value=\"\" type=\"number\" name=\"message\" \/><\/span> <!-- your API treats message as the age\/number --><br \/>\n<\/label>\n<\/p>\n<p><input class=\"wpcf7-form-control wpcf7-submit has-spinner\" type=\"submit\" value=\"Envoyer\" \/>\n<\/p><p style=\"display: none !important;\" class=\"akismet-fields-container\" data-prefix=\"_wpcf7_ak_\"><label>&#916;<textarea name=\"_wpcf7_ak_hp_textarea\" cols=\"45\" rows=\"8\" maxlength=\"100\"><\/textarea><\/label><input type=\"hidden\" id=\"ak_js_1\" name=\"_wpcf7_ak_js\" value=\"135\"\/><script>document.getElementById( \"ak_js_1\" ).setAttribute( \"value\", ( new Date() ).getTime() );<\/script><\/p><input type='hidden' class='wpcf7-pum' value='{\"closepopup\":false,\"closedelay\":0,\"openpopup\":false,\"openpopup_id\":0}' \/><div class=\"wpcf7-response-output\" aria-hidden=\"true\"><\/div>\n<\/form>\n<\/div>\n\r\n<\/div>\r\n\r\n<script>\r\n(function () {\r\n  \/\/ EN slugs \u2192 numeric IDs (kept from your list)\r\n  const treatments = [\r\n    { id: 73, url: \"fr\/traitements\/traitement-de-la-scoliose-en-turquie\/\" },\r\n    { id: 74, url: \"fr\/traitements\/traitement-des-pieds-plats-en-turquie\/\" },\r\n    { id: 75, url: \"fr\/traitements\/traitement-de-la-prothese-du-genou-en-turquie\/\" },\r\n    { id: 76, url: \"fr\/traitements\/traitement-de-la-hernie-discale-en-turquie\/\" },\r\n    { id: 77, url: \"fr\/traitements\/traitement-des-verrues-en-turquie\/\" },\r\n    { id: 78, url: \"fr\/traitements\/traitement-de-lepaule-gelee-en-turquie\/\" },\r\n\t  { id: 79, url: \"fr\/traitements\/traitement-de-lepine-calcaneenne-en-turquie\/\" },\r\n\t  { id: 80, url: \"fr\/traitements\/traitement-de-larthrose-du-genou-en-turquie\/\" }\r\n\t  \r\n\t  \r\n\t \r\n  ];\r\n\r\n\t\r\n  function titleCase(s) {\r\n    return s.split(\" \")\r\n      .filter(Boolean)\r\n      .map(w => w.charAt(0).toUpperCase() + w.slice(1).toLowerCase())\r\n      .join(\" \");\r\n  }\r\n\r\n  function computeDesiredText(path) {\r\n    const parts = path.split(\"\/\").filter(Boolean);\r\n    const last = (parts[parts.length - 1] || \"\").replace(\/-\/g, \" \");\r\n    return titleCase(last);\r\n  }\r\n\r\n  function fillDynamicFields(formEl) {\r\n    const currentURL = window.location.href;\r\n    const path = new URL(currentURL).pathname;\r\n\r\n    \/\/ Dynamic intro text (EN)\r\n    const customText = document.getElementById(\"customText\");\r\n  if (customText) {\r\n  customText.textContent =\r\n    `Si vous explorez des options pour ${computeDesiredText(path)}, notre \u00e9quipe exp\u00e9riment\u00e9e est pr\u00eate \u00e0 vous accompagner. ` +\r\n    `Laissez vos coordonn\u00e9es et nous vous contacterons rapidement avec des options de traitement et les prochaines \u00e9tapes.`;\r\n}\r\n\r\n\t  \r\n\t  \r\n\r\n    \/\/ Hidden fields that your CF7 form should include:\r\n    \/\/ [hidden page_url] [hidden referrer] [hidden current_page] [hidden source_id]\r\n    const setVal = (sel, val) => { const el = formEl.querySelector(sel); if (el) el.value = val; };\r\n    setVal('input[name=\"page_url\"]', currentURL);\r\n    setVal('input[name=\"referrer\"]', document.referrer || '');\r\n    setVal('input[name=\"current_page\"]', currentURL);\r\n\r\n    const pathname = path.replace(\/^\\\/|\\\/$\/g, \"\");\r\n    const match = treatments.find(t => pathname.includes(t.url));\r\n    if (match) setVal('input[name=\"source_id\"]', String(match.id));\r\n  }\r\n\r\n  document.addEventListener(\"DOMContentLoaded\", function () {\r\n    \/\/ Apply to the CF7 form inside this block\r\n    document.querySelectorAll(\".form-tedavi .wpcf7 form\").forEach(fillDynamicFields);\r\n  });\r\n\r\n  \/\/ Optional: custom success message\r\n  \/\/ document.addEventListener('wpcf7mailsent', function(e){\r\n  \/\/   const resp = e.target.querySelector('.wpcf7-response-output');\r\n  \/\/   if (resp) resp.textContent = \"Thanks! We\u2019ll contact you shortly.\";\r\n  \/\/ });\r\n})();\r\n<\/script>\r\n\n<\/div>\n<\/div>\n<\/div>\n\n\n\n<p><\/p>\n\n\n\n<div>\n<div class=\"gb-element-0a10586f\">\n<div>\n<figure class=\"wp-block-embed is-type-video is-provider-youtube wp-block-embed-youtube wp-embed-aspect-16-9 wp-has-aspect-ratio\"><div class=\"wp-block-embed__wrapper\">\n<iframe title=\"Endoskopik Bel F\u0131t\u0131\u011f\u0131 Ameliyat\u0131 Olanlar\u0131n Yorumlar\u0131: Halil Bey&#039;in (51) Bel F\u0131t\u0131\u011f\u0131ndan Kurtulu\u015fu\" width=\"1200\" height=\"675\" src=\"https:\/\/www.youtube.com\/embed\/sHbhNlT9Yds?feature=oembed\" frameborder=\"0\" allow=\"accelerometer; autoplay; clipboard-write; encrypted-media; gyroscope; picture-in-picture; web-share\" referrerpolicy=\"strict-origin-when-cross-origin\" allowfullscreen><\/iframe>\n<\/div><\/figure>\n<\/div>\n\n\n\n<div><\/div>\n\n\n\n<div><\/div>\n<\/div>\n<\/div>\n","protected":false},"excerpt":{"rendered":"<p>Traitement de la Hernie Discale en Turquie La hernie discale est une affection caus\u00e9e par la pression exerc\u00e9e sur les nerfs en raison de l\u2019usure des disques vert\u00e9braux. Avec l\u2019\u00e2ge, la diminution des liquides dans les disques de la colonne vert\u00e9brale rend cette zone plus vuln\u00e9rable aux blessures. En d&rsquo;autres termes, la hernie discale est &#8230; <a title=\"Traitement de la Hernie Discale en Turquie\" class=\"read-more\" href=\"https:\/\/turanturan.com.tr\/fr\/traitements\/traitement-de-la-hernie-discale-en-turquie\/\" aria-label=\"En savoir plus sur Traitement de la Hernie Discale en Turquie\">Lire plus<\/a><\/p>\n","protected":false},"author":2,"featured_media":0,"parent":54674,"menu_order":29,"comment_status":"closed","ping_status":"closed","template":"","meta":{"footnotes":""},"class_list":["post-54824","page","type-page","status-publish"],"_links":{"self":[{"href":"https:\/\/turanturan.com.tr\/fr\/wp-json\/wp\/v2\/pages\/54824","targetHints":{"allow":["GET"]}}],"collection":[{"href":"https:\/\/turanturan.com.tr\/fr\/wp-json\/wp\/v2\/pages"}],"about":[{"href":"https:\/\/turanturan.com.tr\/fr\/wp-json\/wp\/v2\/types\/page"}],"author":[{"embeddable":true,"href":"https:\/\/turanturan.com.tr\/fr\/wp-json\/wp\/v2\/users\/2"}],"replies":[{"embeddable":true,"href":"https:\/\/turanturan.com.tr\/fr\/wp-json\/wp\/v2\/comments?post=54824"}],"version-history":[{"count":3,"href":"https:\/\/turanturan.com.tr\/fr\/wp-json\/wp\/v2\/pages\/54824\/revisions"}],"predecessor-version":[{"id":55197,"href":"https:\/\/turanturan.com.tr\/fr\/wp-json\/wp\/v2\/pages\/54824\/revisions\/55197"}],"up":[{"embeddable":true,"href":"https:\/\/turanturan.com.tr\/fr\/wp-json\/wp\/v2\/pages\/54674"}],"wp:attachment":[{"href":"https:\/\/turanturan.com.tr\/fr\/wp-json\/wp\/v2\/media?parent=54824"}],"curies":[{"name":"wp","href":"https:\/\/api.w.org\/{rel}","templated":true}]}}